{"id":14133,"date":"2023-06-13T16:48:15","date_gmt":"2023-06-13T16:48:15","guid":{"rendered":"https:\/\/redebeneditina.org.br\/pioxi\/?page_id=14133"},"modified":"2025-02-20T19:17:02","modified_gmt":"2025-02-20T22:17:02","slug":"liturgia-diaria-dia-06","status":"publish","type":"page","link":"https:\/\/redebeneditina.org.br\/pioxi\/liturgia-diaria-dia-06\/","title":{"rendered":"Liturgia Di\u00e1ria &#8211; Dia 06"},"content":{"rendered":"\t\t<div data-elementor-type=\"wp-page\" data-elementor-id=\"14133\" class=\"elementor elementor-14133\">\n\t\t\t\t\t\t<section class=\"elementor-section elementor-top-section elementor-element elementor-element-17498707 elementor-section-boxed elementor-section-height-default elementor-section-height-default\" data-id=\"17498707\" data-element_type=\"section\" data-e-type=\"section\">\n\t\t\t\t\t\t<div class=\"elementor-container elementor-column-gap-default\">\n\t\t\t\t\t<div class=\"elementor-column elementor-col-100 elementor-top-column elementor-element elementor-element-2a3b4787\" data-id=\"2a3b4787\" data-element_type=\"column\" data-e-type=\"column\">\n\t\t\t<div class=\"elementor-widget-wrap elementor-element-populated\">\n\t\t\t\t\t\t<div class=\"elementor-element elementor-element-78006a49 elementor-widget elementor-widget-text-editor\" data-id=\"78006a49\" data-element_type=\"widget\" data-e-type=\"widget\" data-widget_type=\"text-editor.default\">\n\t\t\t\t<div class=\"elementor-widget-container\">\n\t\t\t\t\t\t\t\t\t<iframe src=\"https:\/\/redebeneditina.org.br\/liturgia_diaria\/liturgia_texto_6.php\" width=\"100%\" height=\"2000\"><\/iframe>\t\t\t\t\t\t\t\t<\/div>\n\t\t\t\t<\/div>\n\t\t\t\t\t<\/div>\n\t\t<\/div>\n\t\t\t\t\t<\/div>\n\t\t<\/section>\n\t\t\t\t<section class=\"elementor-section elementor-top-section elementor-element elementor-element-d4cdf50 elementor-section-stretched elementor-section-full_width elementor-section-height-default elementor-section-height-default\" data-id=\"d4cdf50\" data-element_type=\"section\" data-e-type=\"section\" data-settings=\"{&quot;stretch_section&quot;:&quot;section-stretched&quot;,&quot;background_background&quot;:&quot;classic&quot;}\">\n\t\t\t\t\t\t<div class=\"elementor-container elementor-column-gap-no\">\n\t\t\t\t\t<div class=\"elementor-column elementor-col-100 elementor-top-column elementor-element elementor-element-a9a71cb\" data-id=\"a9a71cb\" data-element_type=\"column\" data-e-type=\"column\" data-settings=\"{&quot;background_background&quot;:&quot;slideshow&quot;,&quot;background_slideshow_gallery&quot;:[],&quot;background_slideshow_loop&quot;:&quot;yes&quot;,&quot;background_slideshow_slide_duration&quot;:5000,&quot;background_slideshow_slide_transition&quot;:&quot;fade&quot;,&quot;background_slideshow_transition_duration&quot;:500}\">\n\t\t\t<div class=\"elementor-widget-wrap elementor-element-populated\">\n\t\t\t\t\t\t<div class=\"elementor-element elementor-element-ee85bd2 elementor-widget elementor-widget-edubin-slider-addons\" data-id=\"ee85bd2\" data-element_type=\"widget\" data-e-type=\"widget\" data-widget_type=\"edubin-slider-addons.default\">\n\t\t\t\t<div class=\"elementor-widget-container\">\n\t\t\t\t\t<div class=\"edubin-slider\"><div class=\"edubin-advance-slider-active  \" data-settings=\"{&quot;arrows&quot;:false,&quot;autoplay&quot;:false,&quot;infinite_loop&quot;:false,&quot;autoplay_speed&quot;:12000,&quot;animation_speed&quot;:12000,&quot;pause_on_hover&quot;:false,&quot;pause_on_interaction&quot;:false,&quot;mouse_drag&quot;:false,&quot;touch_drag&quot;:false}\"><div class=\"tpc-slider-carousel swiper swiper-container\"><div class=\"swiper-wrapper\"><div class=\"swiper-slide\"><div class=\"item-wrap elementor-repeater-item-00c19a1\">                                    \r\n                                    <div class=\"slide\" style=\"\r\n                                        background-image: url(https:\/\/redebeneditina.org.br\/pioxi\/wp-content\/uploads\/2023\/06\/bg-agende-visita-pioxi.jpg); \r\n                                        background-size: cover; \r\n                                        background-position: left top; \r\n                                    \">\r\n\r\n                                    <div class=\"edubin-slider-background-overlay\" ><\/div><div class=\"container\"><div class=\"row edubin-row\"><div class=\"edubin-col-xl-12 edubin-col-lg-12 edubin-col-md-12 edubin-col-sm-12 content-column\"><div class=\"content-box text-left\"><h3 class=\"edubin-slider-subtitle anim-to-top\" ><\/h3><h1 class=\"slider-title anim-to-right\" >Agende<span> uma visita <\/span><\/h1><div class=\"edubin-slider-content anim-to-left\" >Ficaremos muito felizes em apresentar nossa escola e proposta pedag\u00f3gica \u00e0s fam\u00edlias interessadas. <\/div><div class=\"button-box edubin-slider-btn anim-to-top\"><\/div><\/div><\/div><\/div><\/div><\/div><\/div><\/div><\/div><\/div><\/div><\/div>\t\t\t\t<\/div>\n\t\t\t\t<\/div>\n\t\t\t\t\t<\/div>\n\t\t<\/div>\n\t\t\t\t\t<\/div>\n\t\t<\/section>\n\t\t\t\t<section class=\"elementor-section elementor-top-section elementor-element elementor-element-09a72a9 elementor-section-stretched elementor-section-boxed elementor-section-height-default elementor-section-height-default\" data-id=\"09a72a9\" data-element_type=\"section\" data-e-type=\"section\" data-settings=\"{&quot;stretch_section&quot;:&quot;section-stretched&quot;}\">\n\t\t\t\t\t\t<div class=\"elementor-container elementor-column-gap-default\">\n\t\t\t\t\t<div class=\"elementor-column elementor-col-100 elementor-top-column elementor-element elementor-element-9865087\" data-id=\"9865087\" data-element_type=\"column\" data-e-type=\"column\" data-settings=\"{&quot;background_background&quot;:&quot;classic&quot;}\">\n\t\t\t<div class=\"elementor-widget-wrap elementor-element-populated\">\n\t\t\t\t\t\t<section class=\"elementor-section elementor-inner-section elementor-element elementor-element-2e06077 elementor-section-content-middle elementor-section-boxed elementor-section-height-default elementor-section-height-default\" data-id=\"2e06077\" data-element_type=\"section\" data-e-type=\"section\" data-settings=\"{&quot;background_background&quot;:&quot;classic&quot;}\">\n\t\t\t\t\t\t<div class=\"elementor-container elementor-column-gap-default\">\n\t\t\t\t\t<div class=\"elementor-column elementor-col-33 elementor-inner-column elementor-element elementor-element-45e6d1e\" data-id=\"45e6d1e\" data-element_type=\"column\" data-e-type=\"column\" data-settings=\"{&quot;background_background&quot;:&quot;classic&quot;}\">\n\t\t\t<div class=\"elementor-widget-wrap elementor-element-populated\">\n\t\t\t\t\t<div class=\"elementor-background-overlay\"><\/div>\n\t\t\t\t\t\t<div class=\"elementor-element elementor-element-bc9b0fa elementor-position-left elementor-vertical-align-middle elementor-widget elementor-widget-image-box\" data-id=\"bc9b0fa\" data-element_type=\"widget\" data-e-type=\"widget\" data-settings=\"{&quot;_animation&quot;:&quot;none&quot;}\" data-widget_type=\"image-box.default\">\n\t\t\t\t<div class=\"elementor-widget-container\">\n\t\t\t\t\t<div class=\"elementor-image-box-wrapper\"><figure class=\"elementor-image-box-img\"><a href=\"https:\/\/wa.me\/5521996833909?text=Ol\u00e1!%20Eu%20vim%20pelo%20site%20Instituto%20Pio%20XI%20e%20gostaria%20de%20agendar%20uma%20visita.\" tabindex=\"-1\"><img decoding=\"async\" width=\"66\" height=\"66\" src=\"https:\/\/redebeneditina.org.br\/pioxi\/wp-content\/uploads\/2023\/05\/agende-whats-2.png\" class=\"elementor-animation-grow attachment-full size-full wp-image-12146\" alt=\"\" \/><\/a><\/figure><div class=\"elementor-image-box-content\"><h2 class=\"elementor-image-box-title\"><a href=\"https:\/\/wa.me\/5521996833909?text=Ol\u00e1!%20Eu%20vim%20pelo%20site%20Instituto%20Pio%20XI%20e%20gostaria%20de%20agendar%20uma%20visita.\">Via Whatsapp<\/a><\/h2><\/div><\/div>\t\t\t\t<\/div>\n\t\t\t\t<\/div>\n\t\t\t\t<div class=\"elementor-element elementor-element-eb41dc2 elementor-align-right elementor-mobile-align-center elementor-button-info elementor-widget elementor-widget-button\" data-id=\"eb41dc2\" data-element_type=\"widget\" data-e-type=\"widget\" data-widget_type=\"button.default\">\n\t\t\t\t<div class=\"elementor-widget-container\">\n\t\t\t\t\t\t\t\t\t<div class=\"elementor-button-wrapper\">\n\t\t\t\t\t<a class=\"elementor-button elementor-button-link elementor-size-sm elementor-animation-skew-forward\" href=\"https:\/\/wa.me\/5521996833909?text=Ol\u00e1!%20Eu%20vim%20pelo%20site%20Instituto%20Pio%20XI%20e%20gostaria%20de%20agendar%20uma%20visita.\">\n\t\t\t\t\t\t<span class=\"elementor-button-content-wrapper\">\n\t\t\t\t\t\t<span class=\"elementor-button-icon\">\n\t\t\t\t<i aria-hidden=\"true\" class=\"fas fa-angle-double-right\"><\/i>\t\t\t<\/span>\n\t\t\t\t\t\t\t\t\t<span class=\"elementor-button-text\">99683-3909<\/span>\n\t\t\t\t\t<\/span>\n\t\t\t\t\t<\/a>\n\t\t\t\t<\/div>\n\t\t\t\t\t\t\t\t<\/div>\n\t\t\t\t<\/div>\n\t\t\t\t\t<\/div>\n\t\t<\/div>\n\t\t\t\t<div class=\"elementor-column elementor-col-33 elementor-inner-column elementor-element elementor-element-0ae486b\" data-id=\"0ae486b\" data-element_type=\"column\" data-e-type=\"column\" data-settings=\"{&quot;background_background&quot;:&quot;classic&quot;}\">\n\t\t\t<div class=\"elementor-widget-wrap elementor-element-populated\">\n\t\t\t\t\t<div class=\"elementor-background-overlay\"><\/div>\n\t\t\t\t\t\t<div class=\"elementor-element elementor-element-6580290 elementor-position-left elementor-vertical-align-middle elementor-widget elementor-widget-image-box\" data-id=\"6580290\" data-element_type=\"widget\" data-e-type=\"widget\" data-settings=\"{&quot;_animation&quot;:&quot;none&quot;}\" data-widget_type=\"image-box.default\">\n\t\t\t\t<div class=\"elementor-widget-container\">\n\t\t\t\t\t<div class=\"elementor-image-box-wrapper\"><figure class=\"elementor-image-box-img\"><a href=\"tel:+552131941401\" tabindex=\"-1\"><img decoding=\"async\" width=\"66\" height=\"66\" src=\"https:\/\/redebeneditina.org.br\/pioxi\/wp-content\/uploads\/2023\/05\/agenda-tel-2-2.png\" class=\"elementor-animation-grow attachment-full size-full wp-image-12149\" alt=\"\" \/><\/a><\/figure><div class=\"elementor-image-box-content\"><h2 class=\"elementor-image-box-title\"><a href=\"tel:+552131941401\">Via Telefone<\/a><\/h2><\/div><\/div>\t\t\t\t<\/div>\n\t\t\t\t<\/div>\n\t\t\t\t<div class=\"elementor-element elementor-element-00ac26d elementor-align-right elementor-mobile-align-center elementor-widget elementor-widget-button\" data-id=\"00ac26d\" data-element_type=\"widget\" data-e-type=\"widget\" data-widget_type=\"button.default\">\n\t\t\t\t<div class=\"elementor-widget-container\">\n\t\t\t\t\t\t\t\t\t<div class=\"elementor-button-wrapper\">\n\t\t\t\t\t<a class=\"elementor-button elementor-button-link elementor-size-sm elementor-animation-skew-forward\" href=\"tel:+552131941400\">\n\t\t\t\t\t\t<span class=\"elementor-button-content-wrapper\">\n\t\t\t\t\t\t<span class=\"elementor-button-icon\">\n\t\t\t\t<i aria-hidden=\"true\" class=\"fas fa-angle-double-right\"><\/i>\t\t\t<\/span>\n\t\t\t\t\t\t\t\t\t<span class=\"elementor-button-text\">3194-1400<\/span>\n\t\t\t\t\t<\/span>\n\t\t\t\t\t<\/a>\n\t\t\t\t<\/div>\n\t\t\t\t\t\t\t\t<\/div>\n\t\t\t\t<\/div>\n\t\t\t\t\t<\/div>\n\t\t<\/div>\n\t\t\t\t<div class=\"elementor-column elementor-col-33 elementor-inner-column elementor-element elementor-element-558cd46\" data-id=\"558cd46\" data-element_type=\"column\" data-e-type=\"column\" data-settings=\"{&quot;background_background&quot;:&quot;classic&quot;}\">\n\t\t\t<div class=\"elementor-widget-wrap elementor-element-populated\">\n\t\t\t\t\t<div class=\"elementor-background-overlay\"><\/div>\n\t\t\t\t\t\t<div class=\"elementor-element elementor-element-86399ba elementor-position-left elementor-vertical-align-middle elementor-widget elementor-widget-image-box\" data-id=\"86399ba\" data-element_type=\"widget\" data-e-type=\"widget\" data-settings=\"{&quot;_animation&quot;:&quot;none&quot;}\" data-widget_type=\"image-box.default\">\n\t\t\t\t<div class=\"elementor-widget-container\">\n\t\t\t\t\t<div class=\"elementor-image-box-wrapper\"><figure class=\"elementor-image-box-img\"><a href=\"https:\/\/redebeneditina.org.br\/pioxi\/contato\/\" tabindex=\"-1\"><img decoding=\"async\" width=\"66\" height=\"66\" src=\"https:\/\/redebeneditina.org.br\/pioxi\/wp-content\/uploads\/2023\/05\/agenda-form-2-2.png\" class=\"elementor-animation-grow attachment-full size-full wp-image-12157\" alt=\"\" \/><\/a><\/figure><div class=\"elementor-image-box-content\"><h2 class=\"elementor-image-box-title\"><a href=\"https:\/\/redebeneditina.org.br\/pioxi\/contato\/\">Via On-line<\/a><\/h2><\/div><\/div>\t\t\t\t<\/div>\n\t\t\t\t<\/div>\n\t\t\t\t<div class=\"elementor-element elementor-element-a485b0e elementor-align-right elementor-mobile-align-center elementor-widget elementor-widget-button\" data-id=\"a485b0e\" data-element_type=\"widget\" data-e-type=\"widget\" data-widget_type=\"button.default\">\n\t\t\t\t<div class=\"elementor-widget-container\">\n\t\t\t\t\t\t\t\t\t<div class=\"elementor-button-wrapper\">\n\t\t\t\t\t<a class=\"elementor-button elementor-button-link elementor-size-sm elementor-animation-skew-forward\" href=\"https:\/\/redebeneditina.org.br\/pioxi\/contato\/\">\n\t\t\t\t\t\t<span class=\"elementor-button-content-wrapper\">\n\t\t\t\t\t\t<span class=\"elementor-button-icon\">\n\t\t\t\t<i aria-hidden=\"true\" class=\"fas fa-angle-double-right\"><\/i>\t\t\t<\/span>\n\t\t\t\t\t\t\t\t\t<span class=\"elementor-button-text\">Clique aqui<\/span>\n\t\t\t\t\t<\/span>\n\t\t\t\t\t<\/a>\n\t\t\t\t<\/div>\n\t\t\t\t\t\t\t\t<\/div>\n\t\t\t\t<\/div>\n\t\t\t\t\t<\/div>\n\t\t<\/div>\n\t\t\t\t\t<\/div>\n\t\t<\/section>\n\t\t\t\t\t<\/div>\n\t\t<\/div>\n\t\t\t\t\t<\/div>\n\t\t<\/section>\n\t\t\t\t<section class=\"elementor-section elementor-top-section elementor-element elementor-element-65b08ef elementor-section-boxed elementor-section-height-default elementor-section-height-default\" data-id=\"65b08ef\" data-element_type=\"section\" data-e-type=\"section\">\n\t\t\t\t\t\t<div class=\"elementor-container elementor-column-gap-default\">\n\t\t\t\t\t<div class=\"elementor-column elementor-col-100 elementor-top-column elementor-element elementor-element-c37e3e9\" data-id=\"c37e3e9\" data-element_type=\"column\" data-e-type=\"column\">\n\t\t\t<div class=\"elementor-widget-wrap elementor-element-populated\">\n\t\t\t\t\t\t<div class=\"elementor-element elementor-element-55b341e elementor-widget elementor-widget-custom-title-addons\" data-id=\"55b341e\" data-element_type=\"widget\" data-e-type=\"widget\" data-widget_type=\"custom-title-addons.default\">\n\t\t\t\t<div class=\"elementor-widget-container\">\n\t\t\t\t\t<div class=\"tpc-double_heading\"><div class=\"dbl__subtitle\"><span>MISS\u00c3O, VIS\u00c3O E VALORES DA REDE BENEDITINA<\/span><\/div><h3 class=\"dbl__title-wrapper\"><span class=\"dbl__title dbl-title_1\">Acolher, Assistir e Educar <\/span><span class=\"dbl__title dbl-title_2\"  >a crian\u00e7a, o adolescente e o jovem por meio da forma\u00e7\u00e3o integral, humanista e crist\u00e3 e <\/span><span class=\"dbl__title dbl-title_3\">proteger e amparar o idoso.<\/span><\/h3><\/div>\t\t\t\t<\/div>\n\t\t\t\t<\/div>\n\t\t\t\t\t<\/div>\n\t\t<\/div>\n\t\t\t\t\t<\/div>\n\t\t<\/section>\n\t\t\t\t<section class=\"elementor-section elementor-top-section elementor-element elementor-element-1a4b9fc elementor-section-boxed elementor-section-height-default elementor-section-height-default\" data-id=\"1a4b9fc\" data-element_type=\"section\" data-e-type=\"section\">\n\t\t\t\t\t\t<div class=\"elementor-container elementor-column-gap-default\">\n\t\t\t\t\t<div class=\"elementor-column elementor-col-100 elementor-top-column elementor-element elementor-element-12888f4\" data-id=\"12888f4\" data-element_type=\"column\" data-e-type=\"column\">\n\t\t\t<div class=\"elementor-widget-wrap elementor-element-populated\">\n\t\t\t\t\t\t<section class=\"elementor-section elementor-inner-section elementor-element elementor-element-59b856a elementor-section-boxed elementor-section-height-default elementor-section-height-default\" data-id=\"59b856a\" data-element_type=\"section\" data-e-type=\"section\">\n\t\t\t\t\t\t<div class=\"elementor-container elementor-column-gap-default\">\n\t\t\t\t\t<div class=\"elementor-column elementor-col-33 elementor-inner-column elementor-element elementor-element-7733b27 elementor-invisible\" data-id=\"7733b27\" data-element_type=\"column\" data-e-type=\"column\" data-settings=\"{&quot;animation&quot;:&quot;slideInLeft&quot;}\">\n\t\t\t<div class=\"elementor-widget-wrap elementor-element-populated\">\n\t\t\t\t\t\t<div class=\"elementor-element elementor-element-be5de92 edubin-title-align-left elementor-widget elementor-widget-section-title-addons\" data-id=\"be5de92\" data-element_type=\"widget\" data-e-type=\"widget\" data-widget_type=\"section-title-addons.default\">\n\t\t\t\t<div class=\"elementor-widget-container\">\n\t\t\t\t\t            <div class=\"edubin-section-title edubin-subtitle-position-top title-style-one\">\r\n                <h2 class=\"section-title-txt\">Miss\u00e3o<\/h2><p class=\"section-subtitle-txt\">01<\/p>            <\/div>\r\n\r\n        \t\t\t\t<\/div>\n\t\t\t\t<\/div>\n\t\t\t\t<div class=\"elementor-element elementor-element-c451e61 elementor-widget elementor-widget-text-editor\" data-id=\"c451e61\" data-element_type=\"widget\" data-e-type=\"widget\" data-widget_type=\"text-editor.default\">\n\t\t\t\t<div class=\"elementor-widget-container\">\n\t\t\t\t\t\t\t\t\t<p>Confiante na Divina Provid\u00eancia a ABEAS tem como miss\u00e3o: Acolher, Assistir e Educar a crian\u00e7a, o adolescente e o jovem por meio da forma\u00e7\u00e3o integral, humanista e crist\u00e3; zelar pela qualidade da educa\u00e7\u00e3o preparando profissionais do futuro com s\u00f3lidos princ\u00edpios \u00e9ticos; proteger e amparar o idoso, primando pela qualidade e excel\u00eancia das tarefas que essa miss\u00e3o exige.<\/p>\t\t\t\t\t\t\t\t<\/div>\n\t\t\t\t<\/div>\n\t\t\t\t\t<\/div>\n\t\t<\/div>\n\t\t\t\t<div class=\"elementor-column elementor-col-33 elementor-inner-column elementor-element elementor-element-3a01ce8 elementor-invisible\" data-id=\"3a01ce8\" data-element_type=\"column\" data-e-type=\"column\" data-settings=\"{&quot;animation&quot;:&quot;slideInUp&quot;}\">\n\t\t\t<div class=\"elementor-widget-wrap elementor-element-populated\">\n\t\t\t\t\t\t<div class=\"elementor-element elementor-element-fa06a40 edubin-title-align-left elementor-widget elementor-widget-section-title-addons\" data-id=\"fa06a40\" data-element_type=\"widget\" data-e-type=\"widget\" data-widget_type=\"section-title-addons.default\">\n\t\t\t\t<div class=\"elementor-widget-container\">\n\t\t\t\t\t            <div class=\"edubin-section-title edubin-subtitle-position-top title-style-one\">\r\n                <h2 class=\"section-title-txt\">Vis\u00e3o<\/h2><p class=\"section-subtitle-txt\">02<\/p>            <\/div>\r\n\r\n        \t\t\t\t<\/div>\n\t\t\t\t<\/div>\n\t\t\t\t<div class=\"elementor-element elementor-element-f05abc6 elementor-widget elementor-widget-text-editor\" data-id=\"f05abc6\" data-element_type=\"widget\" data-e-type=\"widget\" data-widget_type=\"text-editor.default\">\n\t\t\t\t<div class=\"elementor-widget-container\">\n\t\t\t\t\t\t\t\t\t<p>A ABEAS almeja ser reconhecida pela excel\u00eancia na forma\u00e7\u00e3o integral, humanista e crist\u00e3 de crian\u00e7as, adolescentes e jovens e pela qualidade acad\u00eamica; preservar e difundir o trabalho da rede de escolas e das obras assistenciais; primar pela satisfa\u00e7\u00e3o dos alunos, idosos, assistidos, familiares e parceiros; evoluir continuamente a qualifica\u00e7\u00e3o docente e t\u00e9cnico-administrativa.<\/p>\t\t\t\t\t\t\t\t<\/div>\n\t\t\t\t<\/div>\n\t\t\t\t\t<\/div>\n\t\t<\/div>\n\t\t\t\t<div class=\"elementor-column elementor-col-33 elementor-inner-column elementor-element elementor-element-8036111 elementor-invisible\" data-id=\"8036111\" data-element_type=\"column\" data-e-type=\"column\" data-settings=\"{&quot;animation&quot;:&quot;slideInRight&quot;}\">\n\t\t\t<div class=\"elementor-widget-wrap elementor-element-populated\">\n\t\t\t\t\t\t<div class=\"elementor-element elementor-element-c8d4757 edubin-title-align-left elementor-widget elementor-widget-section-title-addons\" data-id=\"c8d4757\" data-element_type=\"widget\" data-e-type=\"widget\" data-widget_type=\"section-title-addons.default\">\n\t\t\t\t<div class=\"elementor-widget-container\">\n\t\t\t\t\t            <div class=\"edubin-section-title edubin-subtitle-position-top title-style-one\">\r\n                <h2 class=\"section-title-txt\">Valores<\/h2><p class=\"section-subtitle-txt\">03<\/p>            <\/div>\r\n\r\n        \t\t\t\t<\/div>\n\t\t\t\t<\/div>\n\t\t\t\t<div class=\"elementor-element elementor-element-e4766b5 elementor-widget elementor-widget-text-editor\" data-id=\"e4766b5\" data-element_type=\"widget\" data-e-type=\"widget\" data-widget_type=\"text-editor.default\">\n\t\t\t\t<div class=\"elementor-widget-container\">\n\t\t\t\t\t\t\t\t\t<p>S\u00e3o valores imprescind\u00edveis: a cren\u00e7a em Deus, na fam\u00edlia e na dignidade humana; a honestidade, solidariedade e paz; a partilha de bens e saber com todos; a liberdade de aprender, pesquisar e divulgar a cultura, o pensamento, a arte e o saber; o respeito e apre\u00e7o \u00e0 liberdade, \u00e0 toler\u00e2ncia, ao ambiente harm\u00f4nico, ao perd\u00e3o e \u00e0 cultura de paz; a defesa da vida e o cuidado da natureza; uso consciente, respons\u00e1vel e saud\u00e1vel da inova\u00e7\u00e3o e transforma\u00e7\u00e3o digital.<\/p>\t\t\t\t\t\t\t\t<\/div>\n\t\t\t\t<\/div>\n\t\t\t\t\t<\/div>\n\t\t<\/div>\n\t\t\t\t\t<\/div>\n\t\t<\/section>\n\t\t\t\t\t<\/div>\n\t\t<\/div>\n\t\t\t\t\t<\/div>\n\t\t<\/section>\n\t\t\t\t<\/div>\n\t\t","protected":false},"excerpt":{"rendered":"<p>Agende uma visita Ficaremos muito felizes em apresentar nossa escola e proposta pedag\u00f3gica \u00e0s fam\u00edlias interessadas. Via Whatsapp 99683-3909 Via Telefone 3194-1400 Via On-line Clique aqui MISS\u00c3O, VIS\u00c3O E VALORES DA REDE BENEDITINA Acolher, Assistir e Educar a crian\u00e7a, o adolescente e o jovem por meio da forma\u00e7\u00e3o integral, humanista e crist\u00e3 e proteger e&#8230;<\/p>\n","protected":false},"author":4,"featured_media":0,"parent":0,"menu_order":0,"comment_status":"closed","ping_status":"closed","template":"","meta":{"_monsterinsights_skip_tracking":false,"_monsterinsights_sitenote_active":false,"_monsterinsights_sitenote_note":"","_monsterinsights_sitenote_category":0,"ngg_post_thumbnail":0,"footnotes":""},"class_list":["post-14133","page","type-page","status-publish","hentry"],"_links":{"self":[{"href":"https:\/\/redebeneditina.org.br\/pioxi\/wp-json\/wp\/v2\/pages\/14133","targetHints":{"allow":["GET"]}}],"collection":[{"href":"https:\/\/redebeneditina.org.br\/pioxi\/wp-json\/wp\/v2\/pages"}],"about":[{"href":"https:\/\/redebeneditina.org.br\/pioxi\/wp-json\/wp\/v2\/types\/page"}],"author":[{"embeddable":true,"href":"https:\/\/redebeneditina.org.br\/pioxi\/wp-json\/wp\/v2\/users\/4"}],"replies":[{"embeddable":true,"href":"https:\/\/redebeneditina.org.br\/pioxi\/wp-json\/wp\/v2\/comments?post=14133"}],"version-history":[{"count":0,"href":"https:\/\/redebeneditina.org.br\/pioxi\/wp-json\/wp\/v2\/pages\/14133\/revisions"}],"wp:attachment":[{"href":"https:\/\/redebeneditina.org.br\/pioxi\/wp-json\/wp\/v2\/media?parent=14133"}],"curies":[{"name":"wp","href":"https:\/\/api.w.org\/{rel}","templated":true}]}}