{"id":11,"date":"2020-01-02T06:17:00","date_gmt":"2020-01-02T06:17:00","guid":{"rendered":"https:\/\/redebeneditina.org.br\/portaldeprivacidade\/?page_id=11"},"modified":"2025-04-25T19:37:15","modified_gmt":"2025-04-25T22:37:15","slug":"contato","status":"publish","type":"page","link":"https:\/\/redebeneditina.org.br\/portaldeprivacidade\/contato\/","title":{"rendered":"Contato"},"content":{"rendered":"\t\t<div data-elementor-type=\"wp-page\" data-elementor-id=\"11\" class=\"elementor elementor-11\">\n\t\t\t\t\t\t<section class=\"elementor-section elementor-top-section elementor-element elementor-element-4369d302 elementor-section-stretched elementor-section-boxed elementor-section-height-default elementor-section-height-default\" data-id=\"4369d302\" data-element_type=\"section\" data-e-type=\"section\" data-settings=\"{&quot;stretch_section&quot;:&quot;section-stretched&quot;}\">\n\t\t\t\t\t\t<div class=\"elementor-container elementor-column-gap-default\">\n\t\t\t\t\t<div class=\"elementor-column elementor-col-33 elementor-top-column elementor-element elementor-element-6645cc0c\" data-id=\"6645cc0c\" data-element_type=\"column\" data-e-type=\"column\">\n\t\t\t<div class=\"elementor-widget-wrap elementor-element-populated\">\n\t\t\t\t\t\t<div class=\"elementor-element elementor-element-6a757e52 e-transform e-transform e-transform e-transform elementor-widget elementor-widget-rt-info-box\" data-id=\"6a757e52\" data-element_type=\"widget\" data-e-type=\"widget\" data-settings=\"{&quot;_transform_rotateZ_effect_hover&quot;:{&quot;unit&quot;:&quot;px&quot;,&quot;size&quot;:&quot;&quot;,&quot;sizes&quot;:[]},&quot;_transform_rotateZ_effect_hover_tablet&quot;:{&quot;unit&quot;:&quot;deg&quot;,&quot;size&quot;:&quot;&quot;,&quot;sizes&quot;:[]},&quot;_transform_rotateZ_effect_hover_mobile&quot;:{&quot;unit&quot;:&quot;deg&quot;,&quot;size&quot;:&quot;&quot;,&quot;sizes&quot;:[]},&quot;_transform_translateX_effect_hover&quot;:{&quot;unit&quot;:&quot;px&quot;,&quot;size&quot;:&quot;&quot;,&quot;sizes&quot;:[]},&quot;_transform_translateX_effect_hover_tablet&quot;:{&quot;unit&quot;:&quot;px&quot;,&quot;size&quot;:&quot;&quot;,&quot;sizes&quot;:[]},&quot;_transform_translateX_effect_hover_mobile&quot;:{&quot;unit&quot;:&quot;px&quot;,&quot;size&quot;:&quot;&quot;,&quot;sizes&quot;:[]},&quot;_transform_translateY_effect_hover&quot;:{&quot;unit&quot;:&quot;px&quot;,&quot;size&quot;:&quot;&quot;,&quot;sizes&quot;:[]},&quot;_transform_translateY_effect_hover_tablet&quot;:{&quot;unit&quot;:&quot;px&quot;,&quot;size&quot;:&quot;&quot;,&quot;sizes&quot;:[]},&quot;_transform_translateY_effect_hover_mobile&quot;:{&quot;unit&quot;:&quot;px&quot;,&quot;size&quot;:&quot;&quot;,&quot;sizes&quot;:[]},&quot;_transform_scaleX_effect_hover&quot;:{&quot;unit&quot;:&quot;px&quot;,&quot;size&quot;:&quot;&quot;,&quot;sizes&quot;:[]},&quot;_transform_scaleX_effect_hover_tablet&quot;:{&quot;unit&quot;:&quot;px&quot;,&quot;size&quot;:&quot;&quot;,&quot;sizes&quot;:[]},&quot;_transform_scaleX_effect_hover_mobile&quot;:{&quot;unit&quot;:&quot;px&quot;,&quot;size&quot;:&quot;&quot;,&quot;sizes&quot;:[]},&quot;_transform_scaleY_effect_hover&quot;:{&quot;unit&quot;:&quot;px&quot;,&quot;size&quot;:&quot;&quot;,&quot;sizes&quot;:[]},&quot;_transform_scaleY_effect_hover_tablet&quot;:{&quot;unit&quot;:&quot;px&quot;,&quot;size&quot;:&quot;&quot;,&quot;sizes&quot;:[]},&quot;_transform_scaleY_effect_hover_mobile&quot;:{&quot;unit&quot;:&quot;px&quot;,&quot;size&quot;:&quot;&quot;,&quot;sizes&quot;:[]},&quot;_transform_skewX_effect_hover&quot;:{&quot;unit&quot;:&quot;px&quot;,&quot;size&quot;:&quot;&quot;,&quot;sizes&quot;:[]},&quot;_transform_skewX_effect_hover_tablet&quot;:{&quot;unit&quot;:&quot;deg&quot;,&quot;size&quot;:&quot;&quot;,&quot;sizes&quot;:[]},&quot;_transform_skewX_effect_hover_mobile&quot;:{&quot;unit&quot;:&quot;deg&quot;,&quot;size&quot;:&quot;&quot;,&quot;sizes&quot;:[]},&quot;_transform_skewY_effect_hover&quot;:{&quot;unit&quot;:&quot;px&quot;,&quot;size&quot;:&quot;&quot;,&quot;sizes&quot;:[]},&quot;_transform_skewY_effect_hover_tablet&quot;:{&quot;unit&quot;:&quot;deg&quot;,&quot;size&quot;:&quot;&quot;,&quot;sizes&quot;:[]},&quot;_transform_skewY_effect_hover_mobile&quot;:{&quot;unit&quot;:&quot;deg&quot;,&quot;size&quot;:&quot;&quot;,&quot;sizes&quot;:[]}}\" data-widget_type=\"rt-info-box.default\">\n\t\t\t\t<div class=\"elementor-widget-container\">\n\t\t\t\t\t<div class=\"has-animation\">\n\t<div class=\"translate-bottom-100 opacity-animation transition-100 transition-delay-100\">\n\t\t<div class=\"info-box-default info-box-style15\">\n\t\t\t<div class=\"rtin-item rtin-icon\">\n\t\t\t\t<div class=\"rtin-media\">\n\t\t\t\t\t<div class=\"rtin-icon\">\n\t\t\t\t\t\t \t\n\t\t\t\t\t\t\t\t\t\t\t\t\t<i class=\" flaticon-fingerprint\"><\/i>\n\t\t\t\t\t\t\t\t\t\t\t\t\t\t\t\t\t<\/div>\n\t\t\t\t<\/div>\n\t\t\t\t<div class=\"rtin-content\">\n\t\t\t\t\t\t\t\t\t\t<h3 class=\"rtin-title\"><a href=\"https:\/\/redebeneditina.org.br\/portaldeprivacidade\/termo-de-privacidade-externo\/\">Requisi\u00e7\u00e3o<\/a><\/h3>\n\t\t\t\t\t\t\t\t\t\t<div class=\"rtin-text\"><p>Para sua seguran\u00e7a, sempre que voc\u00ea apresentar uma requisi\u00e7\u00e3o para exerc\u00edcios dos seus direitos, n\u00f3s poderemos solicitar informa\u00e7\u00f5es complementares para comprovar sua identidade, buscando impedir fraudes.<\/p><\/div>\n\t\t\t\t\t\t\t\t\t\t\t\t\t\t\t\t<div class=\"info-box-button\"><a class=\"button-1\" href=\"https:\/\/redebeneditina.org.br\/portaldeprivacidade\/termo-de-privacidade-externo\/\">Saiba mais<i class=\"flaticon-next\"><\/i><\/a><\/div>\t\t\n\t\t\t\t\t\t\t\t\t<\/div>\n\t\t\t<\/div>\n\t\t<\/div>\n\t<\/div>\n<\/div>\t\t\t\t<\/div>\n\t\t\t\t<\/div>\n\t\t\t\t\t<\/div>\n\t\t<\/div>\n\t\t\t\t<div class=\"elementor-column elementor-col-33 elementor-top-column elementor-element elementor-element-6434d9df\" data-id=\"6434d9df\" data-element_type=\"column\" data-e-type=\"column\">\n\t\t\t<div class=\"elementor-widget-wrap elementor-element-populated\">\n\t\t\t\t\t\t<div class=\"elementor-element elementor-element-7e557bfd elementor-widget elementor-widget-rt-info-box\" data-id=\"7e557bfd\" data-element_type=\"widget\" data-e-type=\"widget\" data-widget_type=\"rt-info-box.default\">\n\t\t\t\t<div class=\"elementor-widget-container\">\n\t\t\t\t\t<div class=\"has-animation\">\n\t<div class=\"translate-bottom-100 opacity-animation transition-100 transition-delay-400\">\n\t\t<div class=\"info-box-default info-box-style15\">\n\t\t\t<div class=\"rtin-item rtin-icon\">\n\t\t\t\t<div class=\"rtin-media\">\n\t\t\t\t\t<div class=\"rtin-icon\">\n\t\t\t\t\t\t \t\n\t\t\t\t\t\t\t\t\t\t\t\t\t<i class=\" flaticon-portfolio\"><\/i>\n\t\t\t\t\t\t\t\t\t\t\t\t\t\t\t\t\t<\/div>\n\t\t\t\t<\/div>\n\t\t\t\t<div class=\"rtin-content\">\n\t\t\t\t\t\t\t\t\t\t<h3 class=\"rtin-title\"><a href=\"https:\/\/redebeneditina.org.br\/portaldeprivacidade\/termo-de-privacidade-externo\/\">N\u00e3o atendimento de requisi\u00e7\u00f5es<\/a><\/h3>\n\t\t\t\t\t\t\t\t\t\t<div class=\"rtin-text\"><p>N\u00f3s poderemos deixar de atender alguma requisi\u00e7\u00e3o de exerc\u00edcio de direitos, caso o atendimento viole nossa propriedade intelectual ou segredo de neg\u00f3cios, bem como quando houver obriga\u00e7\u00e3o legal ou regulat\u00f3ria para reten\u00e7\u00e3o de Dados. Al\u00e9m disso, podemos deixar de atender a sua requisi\u00e7\u00e3o se precisarmos reter os Dados para possibilitar nossa defesa ou de terceiros em disputas de qualquer natureza.<\/p><\/div>\n\t\t\t\t\t\t\t\t\t\t\t\t\t\t\t\t<div class=\"info-box-button\"><a class=\"button-1\" href=\"https:\/\/redebeneditina.org.br\/portaldeprivacidade\/termo-de-privacidade-externo\/\">Saiba mais<i class=\"flaticon-next\"><\/i><\/a><\/div>\t\t\n\t\t\t\t\t\t\t\t\t<\/div>\n\t\t\t<\/div>\n\t\t<\/div>\n\t<\/div>\n<\/div>\t\t\t\t<\/div>\n\t\t\t\t<\/div>\n\t\t\t\t\t<\/div>\n\t\t<\/div>\n\t\t\t\t<div class=\"elementor-column elementor-col-33 elementor-top-column elementor-element elementor-element-12f9d67d\" data-id=\"12f9d67d\" data-element_type=\"column\" data-e-type=\"column\">\n\t\t\t<div class=\"elementor-widget-wrap elementor-element-populated\">\n\t\t\t\t\t\t<div class=\"elementor-element elementor-element-6acc74c6 elementor-widget elementor-widget-rt-info-box\" data-id=\"6acc74c6\" data-element_type=\"widget\" data-e-type=\"widget\" data-widget_type=\"rt-info-box.default\">\n\t\t\t\t<div class=\"elementor-widget-container\">\n\t\t\t\t\t<div class=\"has-animation\">\n\t<div class=\"translate-bottom-100 opacity-animation transition-100 transition-delay-700\">\n\t\t<div class=\"info-box-default info-box-style15\">\n\t\t\t<div class=\"rtin-item rtin-icon\">\n\t\t\t\t<div class=\"rtin-media\">\n\t\t\t\t\t<div class=\"rtin-icon\">\n\t\t\t\t\t\t \t\n\t\t\t\t\t\t\t\t\t\t\t\t\t<i class=\" flaticon-campaign\"><\/i>\n\t\t\t\t\t\t\t\t\t\t\t\t\t\t\t\t\t<\/div>\n\t\t\t\t<\/div>\n\t\t\t\t<div class=\"rtin-content\">\n\t\t\t\t\t\t\t\t\t\t<h3 class=\"rtin-title\"><a href=\"https:\/\/redebeneditina.org.br\/portaldeprivacidade\/termo-de-privacidade-externo\/\">Respostas \u00e0s requisi\u00e7\u00f5es<\/a><\/h3>\n\t\t\t\t\t\t\t\t\t\t<div class=\"rtin-text\"><p>N\u00f3s nos comprometemos a responder todas as requisi\u00e7\u00f5es em um prazo razo\u00e1vel e sempre em conformidade com a legisla\u00e7\u00e3o aplic\u00e1vel.<\/p><\/div>\n\t\t\t\t\t\t\t\t\t\t\t\t\t\t\t\t<div class=\"info-box-button\"><a class=\"button-1\" href=\"https:\/\/redebeneditina.org.br\/portaldeprivacidade\/termo-de-privacidade-externo\/\">Leia mais<i class=\"flaticon-next\"><\/i><\/a><\/div>\t\t\n\t\t\t\t\t\t\t\t\t<\/div>\n\t\t\t<\/div>\n\t\t<\/div>\n\t<\/div>\n<\/div>\t\t\t\t<\/div>\n\t\t\t\t<\/div>\n\t\t\t\t\t<\/div>\n\t\t<\/div>\n\t\t\t\t\t<\/div>\n\t\t<\/section>\n\t\t\t\t<section class=\"elementor-section elementor-top-section elementor-element elementor-element-a2f3b32 elementor-section-boxed elementor-section-height-default elementor-section-height-default\" data-id=\"a2f3b32\" data-element_type=\"section\" data-e-type=\"section\">\n\t\t\t\t\t\t<div class=\"elementor-container elementor-column-gap-default\">\n\t\t\t\t\t<div class=\"elementor-column elementor-col-100 elementor-top-column elementor-element elementor-element-a6c5ff5\" data-id=\"a6c5ff5\" data-element_type=\"column\" data-e-type=\"column\">\n\t\t\t<div class=\"elementor-widget-wrap elementor-element-populated\">\n\t\t\t\t\t\t<div class=\"elementor-element elementor-element-3b4ebd6 elementor-invisible elementor-widget elementor-widget-rt-title\" data-id=\"3b4ebd6\" data-element_type=\"widget\" data-e-type=\"widget\" data-widget_type=\"rt-title.default\">\n\t\t\t\t<div class=\"elementor-widget-container\">\n\t\t\t\t\t<div class=\"section-default-style section-title-style2 center\">\n\t<div class=\"section-title-holder has-animation\">\t\n\t\t<div class=\"translate-top-50 opacity-animation transition-50 transition-delay-100\">\n\t\t\t\t\t\t<div class=\"sub-title no-shape\">FALE CONOSCO<\/div>\n\t\t\t\t\t<\/div>\n\t\t<div class=\"translate-top-50 opacity-animation transition-50 transition-delay-600\">\n\t\t\t<h2 class=\"rtin-title\">Formul\u00e1rio de Contato<\/h2>\n\t\t<\/div>\n\t\t<div class=\"translate-top-50 opacity-animation transition-50 transition-delay-1100\">\n\t\t\t\t\t\t<p class=\"sub-text\">Entre em contato para mais informa\u00e7\u00f5es ou d\u00favidas sobre a Pol\u00edtica de Privacidade da Rede Beneditina, preenchendo o formul\u00e1rio abaixo que ser\u00e3o encaminhadas ao nosso encarregado de dados. O atendimento, quando o sistema informatizado estiver indispon\u00edvel,\nser\u00e1 realizado por meio do e-mail: <img decoding=\"async\" class=\"alignnone size-full wp-image-4540\" src=\"https:\/\/redebeneditina.org.br\/portaldeprivacidade\/wp-content\/uploads\/2025\/04\/encarregado-rg-email.gif\" alt=\"\" width=\"287\" height=\"23\" \/><\/p>\n\t\t\t\t\t<\/div>\n\t<\/div>\n<\/div>\t\t\t\t<\/div>\n\t\t\t\t<\/div>\n\t\t\t\t<div class=\"elementor-element elementor-element-0da7e05 elementor-widget elementor-widget-html\" data-id=\"0da7e05\" data-element_type=\"widget\" data-e-type=\"widget\" data-widget_type=\"html.default\">\n\t\t\t\t<div class=\"elementor-widget-container\">\n\t\t\t\t\t<iframe src='https:\/\/app.securamdata.com\/#\/form-lgpd\/eyJpdiI6Iit0YUloKzZnOS82V1BCR210ajY0anc9PSIsInZhbHVlIjoiSmRLVXZPeThuNmlzZlZ1TUkzTEFqc1YxY0ZaczBSOUZQWU1URjJ5bUZpdz0iLCJtYWMiOiJhZGRiN2E1ZDRiZmY0ZjhiMDljZTJjOWM5M2FhYTEzNGQ4N2Q4NjAyYWQ0YmI2NDIyMzJjOTRjNmIwODVmY2I5In0=' frameborder='0' height='1900px'><\/iframe>\t\t\t\t<\/div>\n\t\t\t\t<\/div>\n\t\t\t\t\t<\/div>\n\t\t<\/div>\n\t\t\t\t\t<\/div>\n\t\t<\/section>\n\t\t\t\t<section class=\"elementor-section elementor-top-section elementor-element elementor-element-6bcef83 elementor-section-stretched elementor-section-boxed elementor-section-height-default elementor-section-height-default\" data-id=\"6bcef83\" data-element_type=\"section\" data-e-type=\"section\" data-settings=\"{&quot;stretch_section&quot;:&quot;section-stretched&quot;}\">\n\t\t\t\t\t\t<div class=\"elementor-container elementor-column-gap-default\">\n\t\t\t\t\t<div class=\"elementor-column elementor-col-100 elementor-top-column elementor-element elementor-element-050faef\" data-id=\"050faef\" data-element_type=\"column\" data-e-type=\"column\">\n\t\t\t<div class=\"elementor-widget-wrap elementor-element-populated\">\n\t\t\t\t\t\t<div class=\"elementor-element elementor-element-38f6cc0 elementor-widget elementor-widget-google_maps\" data-id=\"38f6cc0\" data-element_type=\"widget\" data-e-type=\"widget\" data-widget_type=\"google_maps.default\">\n\t\t\t\t<div class=\"elementor-widget-container\">\n\t\t\t\t\t\t\t<div class=\"elementor-custom-embed\">\n\t\t\t<iframe loading=\"lazy\"\n\t\t\t\t\tsrc=\"https:\/\/maps.google.com\/maps?q=Rua%20Florian%C3%B3polis%2C%20270%20-%20Santo%20Andr%C3%A9%20-%20SP&#038;t=m&#038;z=10&#038;output=embed&#038;iwloc=near\"\n\t\t\t\t\ttitle=\"Rua Florian\u00f3polis, 270 - Santo Andr\u00e9 - SP\"\n\t\t\t\t\taria-label=\"Rua Florian\u00f3polis, 270 - Santo Andr\u00e9 - SP\"\n\t\t\t><\/iframe>\n\t\t<\/div>\n\t\t\t\t\t\t<\/div>\n\t\t\t\t<\/div>\n\t\t\t\t\t<\/div>\n\t\t<\/div>\n\t\t\t\t\t<\/div>\n\t\t<\/section>\n\t\t\t\t<\/div>\n\t\t","protected":false},"excerpt":{"rendered":"<p>Requisi\u00e7\u00e3o Para sua seguran\u00e7a, sempre que voc\u00ea apresentar uma requisi\u00e7\u00e3o para exerc\u00edcios dos seus direitos, n\u00f3s poderemos solicitar informa\u00e7\u00f5es complementares para comprovar sua identidade, buscando impedir fraudes. Saiba mais N\u00e3o atendimento de requisi\u00e7\u00f5es N\u00f3s poderemos deixar de atender alguma requisi\u00e7\u00e3o de exerc\u00edcio de direitos, caso o atendimento viole nossa propriedade intelectual ou segredo de neg\u00f3cios, [&hellip;]<\/p>\n","protected":false},"author":2,"featured_media":0,"parent":0,"menu_order":0,"comment_status":"closed","ping_status":"closed","template":"","meta":{"footnotes":""},"class_list":["post-11","page","type-page","status-publish","hentry"],"_links":{"self":[{"href":"https:\/\/redebeneditina.org.br\/portaldeprivacidade\/wp-json\/wp\/v2\/pages\/11","targetHints":{"allow":["GET"]}}],"collection":[{"href":"https:\/\/redebeneditina.org.br\/portaldeprivacidade\/wp-json\/wp\/v2\/pages"}],"about":[{"href":"https:\/\/redebeneditina.org.br\/portaldeprivacidade\/wp-json\/wp\/v2\/types\/page"}],"author":[{"embeddable":true,"href":"https:\/\/redebeneditina.org.br\/portaldeprivacidade\/wp-json\/wp\/v2\/users\/2"}],"replies":[{"embeddable":true,"href":"https:\/\/redebeneditina.org.br\/portaldeprivacidade\/wp-json\/wp\/v2\/comments?post=11"}],"version-history":[{"count":3,"href":"https:\/\/redebeneditina.org.br\/portaldeprivacidade\/wp-json\/wp\/v2\/pages\/11\/revisions"}],"predecessor-version":[{"id":4553,"href":"https:\/\/redebeneditina.org.br\/portaldeprivacidade\/wp-json\/wp\/v2\/pages\/11\/revisions\/4553"}],"wp:attachment":[{"href":"https:\/\/redebeneditina.org.br\/portaldeprivacidade\/wp-json\/wp\/v2\/media?parent=11"}],"curies":[{"name":"wp","href":"https:\/\/api.w.org\/{rel}","templated":true}]}}