{"id":1623,"date":"2020-01-22T14:02:43","date_gmt":"2020-01-22T14:02:43","guid":{"rendered":"https:\/\/redebeneditina.org.br\/rdp\/?page_id=1623"},"modified":"2025-09-17T17:01:27","modified_gmt":"2025-09-17T20:01:27","slug":"servicos","status":"publish","type":"page","link":"https:\/\/redebeneditina.org.br\/rdp\/servicos\/","title":{"rendered":"Servi\u00e7os"},"content":{"rendered":"<div class=\"wpb-content-wrapper\"><p>[vc_row gap=&#8221;35&#8243; equal_height=&#8221;yes&#8221; css=&#8221;.vc_custom_1536911281263{margin-top: 30px !important;margin-bottom: 70px !important;}&#8221;][vc_column width=&#8221;7\/12&#8243; css=&#8221;.vc_custom_1536908490238{padding-top: 30px !important;padding-bottom: 20px !important;}&#8221;]<div id='ins-heading-69e8ef8ef329a' class='section-heading ins-heading text-left default    ins-animated fadeIn' data-animation-delay=200 style='margin-top:0; margin-bottom:20px'><h3 class='section-heading-title margin-10px-top  default select'>O que n\u00f3s oferecemos?<\/h3><\/div><script type=\"text\/javascript\">\n\t\t(function(jQuery) {\n\t\t\t\t\t})(jQuery);\n\t\t\t\t\t\t<\/script>[vc_row_inner gap=&#8221;15&#8243;][vc_column_inner width=&#8221;4\/5&#8243;]<div id='ins-icon-69e8ef8ef32d2' class='ins-float-icon-wrapper margin-20px-bottom ins-icon-box-align-left-basic   ins-animated fadeInLeft' data-animation-delay=200><div class='position-relative'><p class='number-box-num default title-font ins-float-icon-inner link-icon text-medium-gray icon-medium icon-medium'><\/p><\/div><div class='ins-float-icon-box-content'><div class='ins-float-icon-box-title text-extra-dark-gray margin-5px-bottom title-font font-weight-600 text-extra-large default'>Hospedagem Permanente<\/div><div class='last-paragraph-no-margin'><p class='ins-float-icon-box-text '>Nossa estrutura oferece conforto e qualidade para que nossos h\u00f3spedes se sintam e casa!<\/p><\/div><div class='margin-25px-top'><a class='ins-image-box-btn btn-circle title-font pc-bg sc-bg-hover' href='https:\/\/redebeneditina.org.br\/rdp\/hospedagem-permanente\/'>SAIBA MAIS<\/a><\/div><\/div><\/div><script type=\"text\/javascript\">\n\t\t(function(jQuery) {jQuery(\"head\").append(\"<style>#ins-icon-69e8ef8ef32d2 .ins-icon-box-icon i, #ins-icon-69e8ef8ef32d2 .number-box-num {color: #2cabe2;}#ins-icon-69e8ef8ef32d2 .ins-icon-box-title, #ins-icon-69e8ef8ef32d2 .ins-float-icon-box-title {color: #242b5a;}#ins-icon-69e8ef8ef32d2 .ins-image-box-btn {color: #ffffff;}#ins-icon-69e8ef8ef32d2.ins-icon-wrapper:hover .ins-image-box-btn, #ins-icon-69e8ef8ef32d2.ins-float-icon-wrapper:hover .ins-image-box-btn {color: #ffffff;}<\/style>\")\n\t\t\t\t\t})(jQuery);\n\t\t\t\t\t\t<\/script>[\/vc_column_inner][\/vc_row_inner][\/vc_column][vc_column width=&#8221;5\/12&#8243; css=&#8221;.vc_custom_1538121384346{background-image: url(http:\/\/ituza.insigniawpthemes.co.in\/iz-elder-care\/wp-content\/uploads\/sites\/9\/2018\/09\/elder-care-4.jpg?id=140) !important;background-position: center !important;background-repeat: no-repeat !important;background-size: cover !important;}&#8221;][vc_empty_space height=&#8221;300px&#8221; css=&#8221;.vc_custom_1709934724176{background-image: url(https:\/\/redebeneditina.org.br\/rdp\/wp-content\/uploads\/2020\/01\/idosa.jpg?id=1776) !important;background-position: center !important;background-repeat: no-repeat !important;background-size: cover !important;}&#8221;][\/vc_column][\/vc_row][vc_row full_width=&#8221;stretch_row&#8221; css=&#8221;.vc_custom_1536920293863{border-top-width: 1px !important;background-color: #f9f9f9 !important;border-top-color: #e2e2e2 !important;border-top-style: solid !important;}&#8221;][vc_column width=&#8221;1\/6&#8243;][\/vc_column][vc_column width=&#8221;2\/3&#8243;][vc_empty_space height=&#8221;50px&#8221;]<div id='ins-heading-69e8ef8ef32f4' class='section-heading ins-heading text-center default    ins-animated fadeIn' data-animation-delay=200 style='margin-top:0; margin-bottom:25px'><h3 class='section-heading-title margin-10px-top  default letter-spacing-1'>Profissionais Qualificados<\/h3><\/div><script type=\"text\/javascript\">\n\t\t(function(jQuery) {\n\t\t\t\t\t})(jQuery);\n\t\t\t\t\t\t<\/script>[vc_custom_heading text=&#8221;O RESIDENCIAL DIVINA PROVID\u00caNCIA \u00e9 uma institui\u00e7\u00e3o preparada para acolher idosos a partir dos 60 anos. Estruturado em uma ampla \u00e1rea verde, conta com profissionais qualificados.&#8221; font_container=&#8221;tag:p|font_size:16px|text_align:center|line_height:28px&#8221; use_theme_fonts=&#8221;yes&#8221; css_animation=&#8221;fadeIn&#8221; css=&#8221;.vc_custom_1579799016005{margin-bottom: 40px !important;}&#8221;][\/vc_column][vc_column width=&#8221;1\/6&#8243;][\/vc_column][\/vc_row][vc_row full_width=&#8221;stretch_row&#8221; gap=&#8221;35&#8243; css=&#8221;.vc_custom_1536920243220{background-color: #f9f9f9 !important;}&#8221;][vc_column width=&#8221;1\/3&#8243; enable_shadow=&#8221;true&#8221; css=&#8221;.vc_custom_1536228327709{padding-top: 0px !important;padding-right: 0px !important;padding-bottom: 0px !important;padding-left: 0px !important;background-color: #ffffff !important;}&#8221;][vc_single_image image=&#8221;1788&#8243; img_size=&#8221;full&#8221; onclick=&#8221;custom_link&#8221; css_animation=&#8221;fadeIn&#8221; link=&#8221;#&#8221;][vc_column_text css_animation=&#8221;fadeIn&#8221; css=&#8221;.vc_custom_1758136683534{padding-right: 30px !important;padding-left: 30px !important;}&#8221;]<\/p>\n<div class=\"text-center\">\n<h5 class=\"margin-10px-bottom\">Psicopedagoga especializada em Arteterapia<\/h5>\n<p style=\"font-size: 13px;\">A psicopedagoga especializada em Arteterapia promove atividades que estimulam a mem\u00f3ria, a aten\u00e7\u00e3o e a criatividade dos idosos. Por meio da arte, favorece a express\u00e3o de sentimentos, fortalece a autoestima e contribui para o bem-estar e a qualidade de vida.<\/p>\n<\/div>\n<p>[\/vc_column_text][\/vc_column][vc_column width=&#8221;1\/3&#8243; enable_shadow=&#8221;true&#8221; css=&#8221;.vc_custom_1536228333519{padding-top: 0px !important;padding-right: 0px !important;padding-bottom: 0px !important;padding-left: 0px !important;background-color: #ffffff !important;}&#8221;][vc_single_image image=&#8221;1789&#8243; img_size=&#8221;full&#8221; onclick=&#8221;custom_link&#8221; css_animation=&#8221;fadeIn&#8221; link=&#8221;#&#8221;][vc_column_text css_animation=&#8221;fadeIn&#8221; css=&#8221;.vc_custom_1597925389910{padding-right: 30px !important;padding-left: 30px !important;}&#8221;]<\/p>\n<div class=\"text-center\">\n<h5 class=\"margin-10px-bottom\">Fisioterapia<\/h5>\n<p style=\"font-size: 13px;\">A fisioterapia pode ser necess\u00e1ria em qualquer fase da vida, por\u00e9m na Terceira Idade tem uma import\u00e2ncia maior, n\u00e3o s\u00f3 de tratamento, mas como de preven\u00e7\u00e3o, como evitar as posturas viciosas, que dificultam as atividades di\u00e1rias do idoso, ocasionando encurtamentos musculares e dores; neste caso, a aplica\u00e7\u00e3o do tratamento fisioterap\u00eautico atrav\u00e9s de alongamentos globais, fortalecimento da musculatura enfraquecida e com trabalho de marcha, melhoraria a postura e preservaria as articula\u00e7\u00f5es.&nbsp;<\/p>\n<\/div>\n<p>[\/vc_column_text][\/vc_column][vc_column width=&#8221;1\/3&#8243; enable_shadow=&#8221;true&#8221; css=&#8221;.vc_custom_1536228350208{padding-top: 0px !important;padding-right: 0px !important;padding-bottom: 0px !important;padding-left: 0px !important;background-color: #ffffff !important;}&#8221;][vc_single_image image=&#8221;1790&#8243; img_size=&#8221;full&#8221; onclick=&#8221;custom_link&#8221; css_animation=&#8221;fadeIn&#8221; link=&#8221;#&#8221;][vc_column_text css_animation=&#8221;fadeIn&#8221; css=&#8221;.vc_custom_1597925416947{padding-right: 30px !important;padding-left: 30px !important;}&#8221;]<\/p>\n<div class=\"text-center\">\n<h5 class=\"margin-10px-bottom\">Educa\u00e7\u00e3o F\u00edsica<\/h5>\n<p>Os benef\u00edcios dos exerc\u00edcios f\u00edsicos s\u00e3o in\u00fameros: preven\u00e7\u00e3o da perda \u00f3ssea, manuten\u00e7\u00e3o do t\u00f4nus muscular, melhora do sistema cardio-respirat\u00f3rio, regula\u00e7\u00e3o da glicemia, colesterol e triglicer\u00eddeos, entre outros, al\u00e9m de ajudar a alcan\u00e7ar o bem-estar f\u00edsico, a pr\u00e1tica de exerc\u00edcio \u00e9 ainda uma excelente arma contra a depress\u00e3o. Deste modo, para al\u00e9m de contribuir para o bem-estar mental, ela melhora a autoestima, fortalece as rela\u00e7\u00f5es sociais interpessoais e combate o isolamento.<\/p>\n<\/div>\n<p>[\/vc_column_text][\/vc_column][\/vc_row][vc_row full_width=&#8221;stretch_row&#8221; gap=&#8221;35&#8243; css=&#8221;.vc_custom_1536920265412{border-bottom-width: 1px !important;padding-bottom: 100px !important;background-color: #f9f9f9 !important;border-bottom-color: #e2e2e2 !important;border-bottom-style: solid !important;}&#8221;][vc_column width=&#8221;1\/3&#8243; enable_shadow=&#8221;true&#8221; css=&#8221;.vc_custom_1536228358704{padding-top: 0px !important;padding-right: 0px !important;padding-bottom: 0px !important;padding-left: 0px !important;background-color: #ffffff !important;}&#8221;][vc_single_image image=&#8221;1791&#8243; img_size=&#8221;full&#8221; onclick=&#8221;custom_link&#8221; css_animation=&#8221;fadeIn&#8221; link=&#8221;#&#8221;][vc_column_text css_animation=&#8221;fadeIn&#8221; css=&#8221;.vc_custom_1597925457282{padding-right: 30px !important;padding-left: 30px !important;}&#8221;]<\/p>\n<div class=\"text-center\">\n<h5 class=\"margin-10px-bottom\">Nutricionista<\/h5>\n<p>O papel do nutricionista \u00e9 de auxiliar o indiv\u00edduo a manter uma alimenta\u00e7\u00e3o balanceada. Isso proporciona uma longevidade com mais sa\u00fade e qualidade de vida.&nbsp;<br \/>\nOs servi\u00e7os de um nutricionista t\u00eam primordial a\u00e7\u00e3o no quesito mais sa\u00fade e qualidade de vida. Isso porque uma alimenta\u00e7\u00e3o balanceada consegue prevenir diversas doen\u00e7as comuns na terceira idade, por meio da cria\u00e7\u00e3o de uma dieta de acordo com as necessidades e o perfil, conseguem restabelecer a quantidade ideal de massa muscular e gordura que o corpo precisa.<\/p>\n<\/div>\n<p>[\/vc_column_text][\/vc_column][vc_column width=&#8221;1\/3&#8243; enable_shadow=&#8221;true&#8221; css=&#8221;.vc_custom_1536228364717{padding-top: 0px !important;padding-right: 0px !important;padding-bottom: 0px !important;padding-left: 0px !important;background-color: #ffffff !important;}&#8221;][vc_single_image image=&#8221;40&#8243; img_size=&#8221;full&#8221; onclick=&#8221;custom_link&#8221; css_animation=&#8221;fadeIn&#8221; link=&#8221;#&#8221;][vc_column_text css_animation=&#8221;fadeIn&#8221; css=&#8221;.vc_custom_1599060221208{padding-right: 30px !important;padding-left: 30px !important;}&#8221;]<\/p>\n<div class=\"text-center\">\n<h5 class=\"margin-10px-bottom\">Enfermagem<\/h5>\n<p>Aqui no Residencial, enfermagem tem o papel de cuidar de nossos h\u00f3spedes, auxiliando os m\u00e9dicos, ficam respons\u00e1veis pelos cuidados e necessidade da vida di\u00e1ria do h\u00f3spede e sua melhoria, passando assim, 100% de seu tempo se dedicando \u00e0s pessoas. Independentemente do n\u00edvel \u2013 t\u00e9cnico, auxiliar de enfermagem ou enfermeiro -, eles possuem o papel de planejar e supervisionar a assist\u00eancia da equipe de sa\u00fade, prestando aten\u00e7\u00e3o em todos os cuidados dados ao paciente desde a evolu\u00e7\u00e3o das doen\u00e7as, at\u00e9 a melhoria e efeitos do tratamento.<\/p>\n<\/div>\n<p>[\/vc_column_text][\/vc_column][vc_column width=&#8221;1\/3&#8243; enable_shadow=&#8221;true&#8221; css=&#8221;.vc_custom_1536228370930{padding-top: 0px !important;padding-right: 0px !important;padding-bottom: 0px !important;padding-left: 0px !important;background-color: #ffffff !important;}&#8221;][vc_single_image image=&#8221;1792&#8243; img_size=&#8221;full&#8221; onclick=&#8221;custom_link&#8221; css_animation=&#8221;fadeIn&#8221; link=&#8221;#&#8221;][vc_column_text css_animation=&#8221;fadeIn&#8221; css=&#8221;.vc_custom_1758136808701{padding-right: 30px !important;padding-left: 30px !important;}&#8221;]<\/p>\n<div class=\"text-center\">\n<h5 class=\"margin-10px-bottom\">M\u00e9dico (Geriatra e Clinico Geral)<\/h5>\n<p>O fator mais importante para ser um idoso saud\u00e1vel \u00e9 a preven\u00e7\u00e3o, de prefer\u00eancia que ele tenha realizado ao longo de toda a vida adulta. O acompanhamento m\u00e9dico na terceira idade \u00e9 decisivo e deve ser composto por consultas de rotina e exames preventivos. S\u00e3o eles que ajudar\u00e3o a identificar qualquer sinal de anormalidade, descobrindo doen\u00e7as de forma precoce e acelerando tratamentos para que o paciente consiga manter uma boa qualidade de vida.<br \/>\nNossa equipe est\u00e1 preparada para assisti-los diariamente, supervisionando sua evolu\u00e7\u00e3o e pronto atendimento para qualquer anormalidade que possa surgir, atuando na orienta\u00e7\u00e3o de consultas com especialistas, exames, avalia\u00e7\u00e3o, prescri\u00e7\u00e3o m\u00e9dica e alta, em casos de recupera\u00e7\u00e3o cir\u00fargica.<\/p>\n<\/div>\n<p>[\/vc_column_text][\/vc_column][\/vc_row][vc_row full_width=&#8221;stretch_row&#8221; gap=&#8221;35&#8243; css=&#8221;.vc_custom_1536920265412{border-bottom-width: 1px !important;padding-bottom: 100px !important;background-color: #f9f9f9 !important;border-bottom-color: #e2e2e2 !important;border-bottom-style: solid !important;}&#8221;][vc_column width=&#8221;1\/3&#8243; enable_shadow=&#8221;true&#8221; css=&#8221;.vc_custom_1536228358704{padding-top: 0px !important;padding-right: 0px !important;padding-bottom: 0px !important;padding-left: 0px !important;background-color: #ffffff !important;}&#8221;][vc_single_image image=&#8221;2280&#8243; img_size=&#8221;full&#8221; onclick=&#8221;custom_link&#8221; css_animation=&#8221;fadeIn&#8221; css=&#8221;&#8221; link=&#8221;#&#8221;][vc_column_text css_animation=&#8221;fadeIn&#8221; css=&#8221;.vc_custom_1758138451170{padding-right: 30px !important;padding-left: 30px !important;}&#8221;]<\/p>\n<div class=\"text-center\">\n<h5 class=\"margin-10px-bottom\">Musicoterapia<\/h5>\n<p>A musicoterapia utiliza a m\u00fasica como recurso terap\u00eautico para estimular a mem\u00f3ria, promover a socializa\u00e7\u00e3o, reduzir a ansiedade e trazer mais alegria ao dia a dia dos idosos, contribuindo para o bem-estar e a qualidade de vida.<\/p>\n<\/div>\n<p>[\/vc_column_text][\/vc_column][vc_column width=&#8221;1\/3&#8243; enable_shadow=&#8221;true&#8221; css=&#8221;.vc_custom_1536228364717{padding-top: 0px !important;padding-right: 0px !important;padding-bottom: 0px !important;padding-left: 0px !important;background-color: #ffffff !important;}&#8221;][vc_single_image image=&#8221;2281&#8243; img_size=&#8221;full&#8221; onclick=&#8221;custom_link&#8221; css_animation=&#8221;fadeIn&#8221; css=&#8221;&#8221; link=&#8221;#&#8221;][vc_column_text css_animation=&#8221;fadeIn&#8221; css=&#8221;.vc_custom_1758138526272{padding-right: 30px !important;padding-left: 30px !important;}&#8221;]<\/p>\n<div class=\"text-center\">\n<h5 class=\"margin-10px-bottom\">Clube de Leitura<\/h5>\n<p>O clube de leitura incentiva a mem\u00f3ria, a concentra\u00e7\u00e3o e a troca de experi\u00eancias. Atrav\u00e9s dos livros e das conversas, os idosos compartilham hist\u00f3rias, fortalecem v\u00ednculos e mant\u00eam a mente ativa de forma prazerosa.<\/p>\n<\/div>\n<p>[\/vc_column_text][\/vc_column][vc_column width=&#8221;1\/3&#8243; enable_shadow=&#8221;true&#8221; css=&#8221;.vc_custom_1536228370930{padding-top: 0px !important;padding-right: 0px !important;padding-bottom: 0px !important;padding-left: 0px !important;background-color: #ffffff !important;}&#8221;][vc_single_image image=&#8221;2284&#8243; img_size=&#8221;full&#8221; onclick=&#8221;custom_link&#8221; css_animation=&#8221;fadeIn&#8221; css=&#8221;&#8221; link=&#8221;#&#8221;][vc_column_text css_animation=&#8221;fadeIn&#8221; css=&#8221;.vc_custom_1758138804009{padding-right: 30px !important;padding-left: 30px !important;}&#8221;]<\/p>\n<div class=\"text-center\">\n<h5 class=\"margin-10px-bottom\">Assist\u00eancia espiritual<\/h5>\n<p>A assist\u00eancia espiritual \u00e9 conduzida pelas Irm\u00e3s Beneditinas da Divina Provid\u00eancia&nbsp; e oferece momentos de f\u00e9, reflex\u00e3o e conforto, fortalecendo a esperan\u00e7a e promovendo bem-estar emocional e espiritual aos idosos.<\/p>\n<\/div>\n<p>[\/vc_column_text][\/vc_column][\/vc_row][vc_row full_width=&#8221;stretch_row&#8221; color_scheme=&#8221;white&#8221; bg_overlay=&#8221;dark60&#8243; css=&#8221;.vc_custom_1758139281370{background-image: url(https:\/\/redebeneditina.org.br\/rdp\/wp-content\/uploads\/2020\/08\/quem_somos2.jpg?id=1814) !important;background-position: center !important;background-repeat: no-repeat !important;background-size: cover !important;}&#8221;][vc_column css=&#8221;.vc_custom_1536916413537{padding-top: 0px !important;}&#8221;][vc_empty_space height=&#8221;100px&#8221;][vc_row_inner][vc_column_inner width=&#8221;1\/6&#8243;][\/vc_column_inner][vc_column_inner width=&#8221;2\/3&#8243;]<div id='ins-heading-69e8ef8ef3308' class='section-heading ins-heading text-center default    ins-animated fadeIn' data-animation-delay=200 style='margin-top:0; margin-bottom:30px'><h3 class='section-heading-title margin-10px-top  default no-letter-spacing'>Venha nos conhecer melhor!<\/h3><\/div><script type=\"text\/javascript\">\n\t\t(function(jQuery) {jQuery(\"head\").append(\"<style>#ins-heading-69e8ef8ef3308 h3 {color: #ffffff;}<\/style>\")\n\t\t\t\t\t})(jQuery);\n\t\t\t\t\t\t<\/script>[vc_column_text css_animation=&#8221;fadeIn&#8221; css=&#8221;.vc_custom_1579800059274{margin-bottom: 40px !important;}&#8221;]<\/p>\n<p class=\"text-center\">Nossa infraestrutura prop\u00edcia ambiente harmonioso, familiar e aconchegante.<\/p>\n<p class=\"text-center\">Entre em contato conosco.<\/p>\n<p>[\/vc_column_text]<div id='ins-button-69e8ef8ef3331' class='ins-button-wrapper text-center 20px   ins-animated zoomIn' data-animation-delay=400><a class='ins-button title-font letter-spacing-1 text-white pc-border pc-bg btn-radius-default font-weight-500 btn-medium text-uppercase ' href='https:\/\/redebeneditina.org.br\/rdp\/contato\/'  target='_self'><span>agende uma visita<\/span><\/a><\/div><script type=\"text\/javascript\">\n\t\t(function(jQuery) {jQuery(\"head\").append(\"<style>#ins-button-69e8ef8ef3331 .ins-button {color: #ffffff;}#ins-button-69e8ef8ef3331 .ins-button:hover {color: #ffffff;}#ins-button-69e8ef8ef3331 .ins-button {background-color: #2cabe2;}#ins-button-69e8ef8ef3331 .ins-button:hover {background-color: #242b5a;}#ins-button-69e8ef8ef3331 .ins-button {border-color: #2cabe2;}#ins-button-69e8ef8ef3331 .ins-button:hover {border-color: #242b5a;}#ins-button-69e8ef8ef3331.ins-button-wrapper {margin-top: 20px;}<\/style>\")\n\t\t\t\t\t})(jQuery);\n\t\t\t\t\t\t<\/script>[\/vc_column_inner][vc_column_inner width=&#8221;1\/6&#8243;][\/vc_column_inner][\/vc_row_inner][vc_empty_space height=&#8221;80px&#8221;][\/vc_column][\/vc_row]<\/p>\n<\/div>","protected":false},"excerpt":{"rendered":"<p>[vc_row gap=&#8221;35&#8243; equal_height=&#8221;yes&#8221; css=&#8221;.vc_custom_1536911281263{margin-top: 30px !important;margin-bottom: 70px !important;}&#8221;][vc_column width=&#8221;7\/12&#8243; css=&#8221;.vc_custom_1536908490238{padding-top: 30px !important;padding-bottom: 20px !important;}&#8221;][vc_row_inner gap=&#8221;15&#8243;][vc_column_inner width=&#8221;4\/5&#8243;][\/vc_column_inner][\/vc_row_inner][\/vc_column][vc_column width=&#8221;5\/12&#8243; css=&#8221;.vc_custom_1538121384346{background-image: url(http:\/\/ituza.insigniawpthemes.co.in\/iz-elder-care\/wp-content\/uploads\/sites\/9\/2018\/09\/elder-care-4.jpg?id=140) !important;background-position: [&hellip;]<\/p>\n","protected":false},"author":2,"featured_media":0,"parent":0,"menu_order":0,"comment_status":"closed","ping_status":"closed","template":"","meta":{"rs_blank_template":"","rs_page_bg_color":"","slide_template_v7":"","_monsterinsights_skip_tracking":false,"_monsterinsights_sitenote_active":false,"_monsterinsights_sitenote_note":"","_monsterinsights_sitenote_category":0,"ngg_post_thumbnail":0,"footnotes":""},"class_list":["post-1623","page","type-page","status-publish","hentry"],"_links":{"self":[{"href":"https:\/\/redebeneditina.org.br\/rdp\/wp-json\/wp\/v2\/pages\/1623","targetHints":{"allow":["GET"]}}],"collection":[{"href":"https:\/\/redebeneditina.org.br\/rdp\/wp-json\/wp\/v2\/pages"}],"about":[{"href":"https:\/\/redebeneditina.org.br\/rdp\/wp-json\/wp\/v2\/types\/page"}],"author":[{"embeddable":true,"href":"https:\/\/redebeneditina.org.br\/rdp\/wp-json\/wp\/v2\/users\/2"}],"replies":[{"embeddable":true,"href":"https:\/\/redebeneditina.org.br\/rdp\/wp-json\/wp\/v2\/comments?post=1623"}],"version-history":[{"count":4,"href":"https:\/\/redebeneditina.org.br\/rdp\/wp-json\/wp\/v2\/pages\/1623\/revisions"}],"predecessor-version":[{"id":2287,"href":"https:\/\/redebeneditina.org.br\/rdp\/wp-json\/wp\/v2\/pages\/1623\/revisions\/2287"}],"wp:attachment":[{"href":"https:\/\/redebeneditina.org.br\/rdp\/wp-json\/wp\/v2\/media?parent=1623"}],"curies":[{"name":"wp","href":"https:\/\/api.w.org\/{rel}","templated":true}]}}