{"id":1628,"date":"2020-01-22T22:09:38","date_gmt":"2020-01-22T22:09:38","guid":{"rendered":"https:\/\/redebeneditina.org.br\/rdp\/?page_id=1628"},"modified":"2025-09-17T17:10:43","modified_gmt":"2025-09-17T20:10:43","slug":"hospedagem-permanente","status":"publish","type":"page","link":"https:\/\/redebeneditina.org.br\/rdp\/hospedagem-permanente\/","title":{"rendered":"Hospedagem Permanente"},"content":{"rendered":"<div class=\"wpb-content-wrapper\"><p>[vc_row][vc_column width=&#8221;3\/4&#8243;][vc_single_image image=&#8221;93&#8243; img_size=&#8221;full&#8221; alignment=&#8221;center&#8221;]<div id='ins-heading-69e8ef8ee8d2c' class='section-heading ins-heading text-left default    '  style='margin-top:0; margin-bottom:20px'><h4 class='section-heading-title margin-10px-top  default no-letter-spacing'>Hospedagem permanente<\/h4><\/div><script type=\"text\/javascript\">\n\t\t(function(jQuery) {\n\t\t\t\t\t})(jQuery);\n\t\t\t\t\t\t<\/script>[vc_column_text css=&#8221;.vc_custom_1758139839538{border-bottom-width: 1px !important;padding-bottom: 30px !important;border-color: #eeeeee !important;}&#8221;]<\/p>\n<h5>Nossa estrutura oferece conforto e qualidade para que nossos h\u00f3spedes se sintam e casa!<\/h5>\n<p>&nbsp;<\/p>\n<p><span class=\"dropcap insignia-dropcap dropcap-1  dropcap-normal\">C<\/span>om 28 anos de experi\u00eancia no mercado de hospedagem de longa perman\u00eancia, o Residencial Divina Provid\u00eancia, conta com equipe de cuidados 24 horas por dia, servi\u00e7o de alimenta\u00e7\u00e3o com supervis\u00e3o nutricional e acompanhamento m\u00e9dico 03 vezes por semana, al\u00e9m das atividades di\u00e1rias com nossa equipe de terapia ocupacional, educador f\u00edsico e fisioterapeuta, garantindo cuidado e bem-estar em todos os momentos.[\/vc_column_text][vc_row_inner][vc_column_inner width=&#8221;1\/3&#8243;]<div id='ins-icon-69e8ef8ee8d75' class='ins-icon-wrapper last-paragraph-no-margin margin-20px-bottom   vc_custom_1579977187834 text-center   ins-animated fadeInLeft' data-animation-delay=200><div class='ins-icon-box-icon margin-20px-bottom ins-top-icon-basic icon-large'><i class='iconsmind-Network'><\/i><\/div><div class='ins-icon-box-content'><div class='ins-icon-box-title title-font margin-15px-bottom sm-margin-5px-bottom text-medium font-weight-500 letter-spacing-1'>Trabalhadores qualificados<\/div><p class='ins-icon-box-text  default'>Contamos com uma equipe de trabalhadores da \u00e1rea m\u00e9dica e de suporte qualificados.<\/p><\/div><\/div><script type=\"text\/javascript\">\n\t\t(function(jQuery) {jQuery(\"head\").append(\"<style>#ins-icon-69e8ef8ee8d75 .ins-icon-box-icon i, #ins-icon-69e8ef8ee8d75 .ins-float-icon-inner i, #ins-icon-69e8ef8ee8d75 .ins-float-right-icon-inner i {color: #2cabe2;}#ins-icon-69e8ef8ee8d75 .ins-icon-box-title, #ins-icon-69e8ef8ee8d75 .ins-float-icon-box-title {color: #242b5a;}<\/style>\")\n\t\t\t\t\t})(jQuery);\n\t\t\t\t\t\t<\/script>[\/vc_column_inner][vc_column_inner width=&#8221;1\/3&#8243;]<div id='ins-icon-69e8ef8ee8d9f' class='ins-icon-wrapper last-paragraph-no-margin margin-20px-bottom   vc_custom_1579977208718 text-center   ins-animated fadeInLeft' data-animation-delay=400><div class='ins-icon-box-icon margin-20px-bottom ins-top-icon-basic icon-large'><i class='iconsmind-Money-2'><\/i><\/div><div class='ins-icon-box-content'><div class='ins-icon-box-title title-font margin-15px-bottom sm-margin-5px-bottom text-medium font-weight-500 letter-spacing-1'>Pre\u00e7os acess\u00edveis<\/div><p class='ins-icon-box-text  default'>Nosso objetivo \u00e9 oferecer o melhor servi\u00e7o de hospedagem, a pre\u00e7os acess\u00edveis, a toda popula\u00e7\u00e3o idosa.<\/p><\/div><\/div><script type=\"text\/javascript\">\n\t\t(function(jQuery) {jQuery(\"head\").append(\"<style>#ins-icon-69e8ef8ee8d9f .ins-icon-box-icon i, #ins-icon-69e8ef8ee8d9f .ins-float-icon-inner i, #ins-icon-69e8ef8ee8d9f .ins-float-right-icon-inner i {color: #2cabe2;}#ins-icon-69e8ef8ee8d9f .ins-icon-box-title, #ins-icon-69e8ef8ee8d9f .ins-float-icon-box-title {color: #242b5a;}<\/style>\")\n\t\t\t\t\t})(jQuery);\n\t\t\t\t\t\t<\/script>[\/vc_column_inner][vc_column_inner width=&#8221;1\/3&#8243;]<div id='ins-icon-69e8ef8ee8dbf' class='ins-icon-wrapper last-paragraph-no-margin margin-20px-bottom   vc_custom_1579977222966 text-center   ins-animated fadeInLeft' data-animation-delay=600><div class='ins-icon-box-icon margin-20px-bottom ins-top-icon-basic icon-large'><i class='iconsmind-Ribbon-2'><\/i><\/div><div class='ins-icon-box-content'><div class='ins-icon-box-title title-font margin-15px-bottom sm-margin-5px-bottom text-medium font-weight-500 letter-spacing-1'>Excel\u00eancia no servi\u00e7o<\/div><p class='ins-icon-box-text  default'>Nossa institui\u00e7\u00e3o \u00e9 administrada pelas Irm\u00e3s Beneditinas da Divina Provid\u00eancia que busca sempre melhor Acolher e Assistir.<\/p><\/div><\/div><script type=\"text\/javascript\">\n\t\t(function(jQuery) {jQuery(\"head\").append(\"<style>#ins-icon-69e8ef8ee8dbf .ins-icon-box-icon i, #ins-icon-69e8ef8ee8dbf .ins-float-icon-inner i, #ins-icon-69e8ef8ee8dbf .ins-float-right-icon-inner i {color: #2cabe2;}#ins-icon-69e8ef8ee8dbf .ins-icon-box-title, #ins-icon-69e8ef8ee8dbf .ins-float-icon-box-title {color: #242b5a;}<\/style>\")\n\t\t\t\t\t})(jQuery);\n\t\t\t\t\t\t<\/script>[\/vc_column_inner][\/vc_row_inner][\/vc_column][vc_column width=&#8221;1\/4&#8243;]<div class=\"ins-custom-menu-wrapper   vc_custom_1537362513623 \" \".$animation_delay.\"><ul id=\"menu-services\" class=\"menu\"><li id=\"menu-item-1643\" class=\"menu-item menu-item-type-post_type menu-item-object-page menu-item-1643\"><a href=\"https:\/\/redebeneditina.org.br\/rdp\/hospedagem-permanente\/\">Hospedagem Permanente<\/a><\/li>\n<li id=\"menu-item-1644\" class=\"menu-item menu-item-type-post_type menu-item-object-page menu-item-1644\"><a href=\"https:\/\/redebeneditina.org.br\/rdp\/servicos\/\">Servi\u00e7os<\/a><\/li>\n<\/ul><\/div>\r[vc_row_inner css=&#8221;.vc_custom_1537268814050{margin-right: 0px !important;margin-left: 0px !important;background: #212121 url(http:\/\/ituza.insigniawpthemes.co.in\/iz-elder-care\/wp-content\/uploads\/sites\/9\/2018\/09\/sidebar-bg.jpg?id=1077) !important;background-position: center !important;background-repeat: no-repeat !important;background-size: cover !important;}&#8221;][vc_column_inner css=&#8221;.vc_custom_1579702822754{padding-top: 45px !important;padding-right: 20px !important;padding-bottom: 30px !important;padding-left: 20px !important;background-color: rgba(30,115,190,0.2) !important;*background-color: rgb(30,115,190) !important;}&#8221;][vc_column_text css=&#8221;.vc_custom_1579701284170{margin-bottom: 20px !important;}&#8221;]<\/p>\n<h5 class=\"font-weight-500 text-center text-white\">Solicite uma visita. Venha nos conhecer!<\/h5>\n<p>[\/vc_column_text][vc_column_text css=&#8221;.vc_custom_1579977249265{margin-bottom: 20px !important;}&#8221;]<\/p>\n<p class=\"text-center text-white\">A Residencial Divina Provid\u00eancia fica na regi\u00e3o de Vinhedo, S\u00e3o Paulo.<\/p>\n<p>[\/vc_column_text][vc_column_text]<\/p>\n<h6 class=\"text-center text-white\">Ligue para (19)<br \/>\n3876-6359\/ 3876-3517<\/h6>\n<p>[\/vc_column_text]<div id='ins-button-69e8ef8ee9967' class='ins-button-wrapper text-center    ' ><a class='ins-button title-font letter-spacing-1 text-white pc-border pc-bg btn-radius-default font-weight-600 btn-medium text-uppercase ' href='https:\/\/redebeneditina.org.br\/rdp\/contato\/'  target='_self'><span>CONTATO<\/span><\/a><\/div><script type=\"text\/javascript\">\n\t\t(function(jQuery) {jQuery(\"head\").append(\"<style>#ins-button-69e8ef8ee9967 .ins-button {color: #ffffff;}#ins-button-69e8ef8ee9967 .ins-button:hover {color: #2cabe2;}#ins-button-69e8ef8ee9967 .ins-button {background-color: rgba(0,0,0,0.01);}#ins-button-69e8ef8ee9967 .ins-button:hover {background-color: #ffffff;}#ins-button-69e8ef8ee9967 .ins-button {border-color: #ffffff;}#ins-button-69e8ef8ee9967 .ins-button:hover {border-color: #ffffff;}<\/style>\")\n\t\t\t\t\t})(jQuery);\n\t\t\t\t\t\t<\/script>[\/vc_column_inner][\/vc_row_inner][vc_row_inner css=&#8221;.vc_custom_1537269336184{margin-top: 40px !important;margin-right: 0px !important;margin-left: 0px !important;}&#8221;][vc_column_inner css=&#8221;.vc_custom_1579703066801{padding-top: 45px !important;padding-right: 15px !important;padding-bottom: 25px !important;padding-left: 15px !important;background-color: #c9e8f5 !important;}&#8221;][vc_column_text css=&#8221;.vc_custom_1579701695378{margin-bottom: 20px !important;}&#8221;]<\/p>\n<h5 class=\"font-weight-500 text-center\">Fale conosco tamb\u00e9m atrav\u00e9s das nossas M\u00eddias Sociais<\/h5>\n<p>[\/vc_column_text]<div class=\"ins-social-icons social-icons-regular social-icons-colorful icon-colored social-icons-colored social-icons-round social-icons-effect-slideup icons-align-center  \" ><a href=\"https:\/\/www.facebook.com\/Residencial-Divina-Providencia-771546459905642\/\" class=\"social icon-facebook icon-hover-slideup\" target=\"_blank\"><i class=\"fa fa-facebook icon-primary\"><\/i><i class=\"fa fa-facebook icon-secondary\"><\/i><\/a><a href=\"1999219-9956\" class=\"social icon-whatsapp icon-hover-slideup\" target=\"_blank\"><i class=\"fa fa-whatsapp icon-primary\"><\/i><i class=\"fa fa-whatsapp icon-secondary\"><\/i><\/a><\/div>[\/vc_column_inner][\/vc_row_inner][\/vc_column][\/vc_row][vc_row][vc_column width=&#8221;3\/4&#8243;][vc_row_inner equal_height=&#8221;yes&#8221; content_placement=&#8221;middle&#8221; css=&#8221;.vc_custom_1537005724762{padding-top: 50px !important;}&#8221;][vc_column_inner width=&#8221;1\/2&#8243;][vc_single_image image=&#8221;39&#8243; img_size=&#8221;full&#8221; css=&#8221;.vc_custom_1538127242640{margin-bottom: 0px !important;}&#8221;][\/vc_column_inner][vc_column_inner width=&#8221;1\/2&#8243;]<div id='ins-heading-69e8ef8ee99a0' class='section-heading ins-heading text-left default    '  style='margin-top:0; margin-bottom:5px'><h6 class='section-heading-title margin-10px-top text-uppercase default letter-spacing-1'>Nossos Atendimentos<\/h6><\/div><script type=\"text\/javascript\">\n\t\t(function(jQuery) {\n\t\t\t\t\t})(jQuery);\n\t\t\t\t\t\t<\/script>[vc_column_text css=&#8221;.vc_custom_1598359571282{margin-bottom: 20px !important;}&#8221;]O Residencial Divina Provid\u00eancia est\u00e1 apto para auxiliar com toda a experi\u00eancia e estrutura de mais de 24 anos de trabalho para um atendimento familiar e humanizado:[\/vc_column_text][vc_column_text css=&#8221;.vc_custom_1599053624014{margin-bottom: 20px !important;}&#8221;]<\/p>\n<ul>\n<li>hospedagem permanente para idosos nos graus I, II e III (de acordo com o Minist\u00e9rio da Sa\u00fade) para mais informa\u00e7\u00f5es veja em <a href=\"https:\/\/bvsms.saude.gov.br\/bvs\/saudelegis\/anvisa\/2005\/res0283_26_09_2005.html\">Graus de depend\u00eancia<\/a>.<\/li>\n<li>cuidados integrais e de enfermagem 24 horas;<\/li>\n<li>acompanhamento m\u00e9dico semanal;<\/li>\n<\/ul>\n<p>[\/vc_column_text][\/vc_column_inner][\/vc_row_inner][vc_row_inner equal_height=&#8221;yes&#8221; content_placement=&#8221;middle&#8221; css=&#8221;.vc_custom_1537005636612{padding-top: 50px !important;padding-bottom: 50px !important;}&#8221;][vc_column_inner width=&#8221;1\/2&#8243;]<div id='ins-heading-69e8ef8ee99af' class='section-heading ins-heading text-left default    '  style='margin-top:0; margin-bottom:5px'><h6 class='section-heading-title margin-10px-top text-uppercase default letter-spacing-1'>Como trabalhamos<\/h6><\/div><script type=\"text\/javascript\">\n\t\t(function(jQuery) {\n\t\t\t\t\t})(jQuery);\n\t\t\t\t\t\t<\/script>[vc_column_text css=&#8221;.vc_custom_1598359803171{margin-bottom: 20px !important;}&#8221;]Proporcionar qualidade de vida, exige respeito aos nossos h\u00f3spedes, aten\u00e7\u00e3o aos detalhes e qualidade nos servi\u00e7os, para isso:[\/vc_column_text]<div id='ins-list-icon-69e8ef8ee99f2' class='ins-simple-icon-list margin-20px-bottom ins-icon-list-simple list-icon-medium select   ins-animated fadeInUp' data-animation-delay=200><ul class='ins-simple-icon-list-inner list-style-none no-padding'><li class='ins-list-style margin-15px-bottom position-relative'><i class='ins-icon-list-icon margin-10px-right display-inline-block position-absolute left-0 fa fa-long-arrow-right'><\/i> fazemos um acompanhamento clinico nutricional m\u00e9dico e fisioter\u00e1pico constante;<\/li><li class='ins-list-style margin-15px-bottom position-relative'><i class='ins-icon-list-icon margin-10px-right display-inline-block position-absolute left-0 fa fa-long-arrow-right'><\/i> oferecemos um card\u00e1pio de alimenta\u00e7\u00e3o variado respeitando as necessidades especiais de cada h\u00f3spede;<\/li><li class='ins-list-style margin-15px-bottom position-relative'><i class='ins-icon-list-icon margin-10px-right display-inline-block position-absolute left-0 fa fa-long-arrow-right'><\/i> atualizamos nossos colaboradores constantemente  atrav\u00e9s de orienta\u00e7\u00f5es e treinamentos mantendo um padr\u00e3o de qualidade de atendimento e servi\u00e7os.<\/li><\/ul><\/div><script type=\"text\/javascript\">\n\t\t(function(jQuery) {jQuery(\"head\").append(\"<style>#ins-list-icon-69e8ef8ee99f2 .ins-list-style .ins-icon-list-icon{color: #2cabe2;}<\/style>\")\n\t\t\t\t\t})(jQuery);\n\t\t\t\t\t\t<\/script>[\/vc_column_inner][vc_column_inner width=&#8221;1\/2&#8243;][vc_single_image image=&#8221;38&#8243; img_size=&#8221;full&#8221; css=&#8221;.vc_custom_1538127253054{margin-bottom: 0px !important;}&#8221;][\/vc_column_inner][\/vc_row_inner][vc_row_inner equal_height=&#8221;yes&#8221; content_placement=&#8221;middle&#8221; css=&#8221;.vc_custom_1579977323991{padding-top: 20px !important;padding-right: 20px !important;padding-bottom: 20px !important;padding-left: 20px !important;background-color: #bb2026 !important;}&#8221;][vc_column_inner width=&#8221;2\/3&#8243; css=&#8221;.vc_custom_1579703965361{padding-top: 0px !important;}&#8221;]<div id='ins-heading-69e8ef8ee9a08' class='section-heading ins-heading text-left default    ins-animated fadeInLeft' data-animation-delay=200 style='margin-top:10px; margin-bottom:10px'><h4 class='section-heading-title margin-10px-top  default select'>Qualidade de atendimento ao idoso.<\/h4><\/div><script type=\"text\/javascript\">\n\t\t(function(jQuery) {jQuery(\"head\").append(\"<style>#ins-heading-69e8ef8ee9a08 h4 {color: #ffffff;}<\/style>\")\n\t\t\t\t\t})(jQuery);\n\t\t\t\t\t\t<\/script>[\/vc_column_inner][vc_column_inner width=&#8221;1\/3&#8243; css=&#8221;.vc_custom_1548074528811{padding-top: 0px !important;}&#8221;]<div id='ins-button-69e8ef8ee9a21' class='ins-button-wrapper text-right    ins-animated fadeInRight' data-animation-delay=200><a class='ins-button title-font letter-spacing-1 text-white pc-border pc-bg btn-radius-default font-weight-700 btn-small text-uppercase ' href='https:\/\/redebeneditina.org.br\/rdp\/contato\/'  target='_self'><span>Fale Conosco<\/span><\/a><\/div><script type=\"text\/javascript\">\n\t\t(function(jQuery) {jQuery(\"head\").append(\"<style>#ins-button-69e8ef8ee9a21 .ins-button {color: #ffffff;}#ins-button-69e8ef8ee9a21 .ins-button:hover {color: #2cabe2;}#ins-button-69e8ef8ee9a21 .ins-button {background-color: rgba(0,0,0,0.01);}#ins-button-69e8ef8ee9a21 .ins-button:hover {background-color: #ffffff;}#ins-button-69e8ef8ee9a21 .ins-button {border-color: #ffffff;}#ins-button-69e8ef8ee9a21 .ins-button:hover {border-color: #ffffff;}<\/style>\")\n\t\t\t\t\t})(jQuery);\n\t\t\t\t\t\t<\/script>[\/vc_column_inner][\/vc_row_inner][\/vc_column][vc_column width=&#8221;1\/4&#8243;][\/vc_column][\/vc_row]<\/p>\n<\/div>","protected":false},"excerpt":{"rendered":"<p>[vc_row][vc_column width=&#8221;3\/4&#8243;][vc_single_image image=&#8221;93&#8243; img_size=&#8221;full&#8221; alignment=&#8221;center&#8221;][vc_column_text css=&#8221;.vc_custom_1758139839538{border-bottom-width: 1px !important;padding-bottom: 30px !important;border-color: #eeeeee !important;}&#8221;] Nossa estrutura oferece conforto e qualidade para que [&hellip;]<\/p>\n","protected":false},"author":2,"featured_media":0,"parent":0,"menu_order":0,"comment_status":"closed","ping_status":"closed","template":"","meta":{"rs_blank_template":"","rs_page_bg_color":"","slide_template_v7":"","_monsterinsights_skip_tracking":false,"_monsterinsights_sitenote_active":false,"_monsterinsights_sitenote_note":"","_monsterinsights_sitenote_category":0,"ngg_post_thumbnail":0,"footnotes":""},"class_list":["post-1628","page","type-page","status-publish","hentry"],"_links":{"self":[{"href":"https:\/\/redebeneditina.org.br\/rdp\/wp-json\/wp\/v2\/pages\/1628","targetHints":{"allow":["GET"]}}],"collection":[{"href":"https:\/\/redebeneditina.org.br\/rdp\/wp-json\/wp\/v2\/pages"}],"about":[{"href":"https:\/\/redebeneditina.org.br\/rdp\/wp-json\/wp\/v2\/types\/page"}],"author":[{"embeddable":true,"href":"https:\/\/redebeneditina.org.br\/rdp\/wp-json\/wp\/v2\/users\/2"}],"replies":[{"embeddable":true,"href":"https:\/\/redebeneditina.org.br\/rdp\/wp-json\/wp\/v2\/comments?post=1628"}],"version-history":[{"count":1,"href":"https:\/\/redebeneditina.org.br\/rdp\/wp-json\/wp\/v2\/pages\/1628\/revisions"}],"predecessor-version":[{"id":2293,"href":"https:\/\/redebeneditina.org.br\/rdp\/wp-json\/wp\/v2\/pages\/1628\/revisions\/2293"}],"wp:attachment":[{"href":"https:\/\/redebeneditina.org.br\/rdp\/wp-json\/wp\/v2\/media?parent=1628"}],"curies":[{"name":"wp","href":"https:\/\/api.w.org\/{rel}","templated":true}]}}