{"id":1696,"date":"2020-01-23T13:45:41","date_gmt":"2020-01-23T13:45:41","guid":{"rendered":"https:\/\/redebeneditina.org.br\/rdp\/?page_id=1696"},"modified":"2020-01-23T20:31:09","modified_gmt":"2020-01-23T20:31:09","slug":"instalacoes","status":"publish","type":"page","link":"https:\/\/redebeneditina.org.br\/rdp\/instalacoes\/","title":{"rendered":"Instala\u00e7\u00f5es"},"content":{"rendered":"<div class=\"wpb-content-wrapper\"><p>[vc_row][vc_column][vc_empty_space height=&#8221;20px&#8221;][vc_row_inner equal_height=&#8221;yes&#8221; gap=&#8221;15&#8243;][vc_column_inner width=&#8221;1\/2&#8243;][vc_single_image image=&#8221;1667&#8243; img_size=&#8221;full&#8221; css_animation=&#8221;fadeInLeft&#8221;][\/vc_column_inner][vc_column_inner width=&#8221;1\/2&#8243;]<div id='ins-heading-69e8ef7155f30' class='section-heading ins-heading text-left default    ins-animated fadeInRight' data-animation-delay=400 style='margin-top:0; margin-bottom:30px'><h3 class='section-heading-title margin-10px-top  default no-letter-spacing'>Nossa infraestrutura prop\u00edcia ambiente harmonioso, familiar e aconchegante.<\/h3><\/div><script type=\"text\/javascript\">\n\t\t(function(jQuery) {\n\t\t\t\t\t})(jQuery);\n\t\t\t\t\t\t<\/script>[vc_column_text css_animation=&#8221;fadeInRight&#8221;]O RESIDENCIAL DIVINA PROVID\u00caNCIA \u00e9 uma institui\u00e7\u00e3o preparada para acolher idosos a partir dos 60 anos.<br \/>\nEstruturado em uma ampla \u00e1rea verde, conta com profissionais qualificados ofertando servi\u00e7os de Terapia Ocupacional, Fisioterapia, Educa\u00e7\u00e3o F\u00edsica, Nutricionista, Cuidadores de Idosos, M\u00e9dico e Enfermagem. Possui servi\u00e7os pr\u00f3prios de Lavanderia, Higiene e Nutri\u00e7\u00e3o, com profissionais aptos a zelar pelos pertences dos h\u00f3spedes e oferecer conforto.<br \/>\nAs nossas acomoda\u00e7\u00f5es foram projetadas em flats individuais ou duplos, com espa\u00e7os comuns de integra\u00e7\u00e3o e pr\u00e1ticas sociais como: Sol\u00e1rio, Refeit\u00f3rio, Churrasqueira, Sala de TV e todo o espa\u00e7o verde ao ar livre da resid\u00eancia.[\/vc_column_text][\/vc_column_inner][\/vc_row_inner][\/vc_column][\/vc_row][vc_row][vc_column][vc_column_text][vc_row][vc_column width=&#8221;1\/1&#8243;][vc_column_text]Confira algumas fotos da \u00e1rea interna e externa:<\/p>\nngg_shortcode_0_placeholder\n<p>Confira o v\u00eddeo:<\/p>\n<div style=\"width: 640px;\" class=\"wp-video\"><video class=\"wp-video-shortcode\" id=\"video-1696-1\" width=\"640\" height=\"360\" preload=\"metadata\" controls=\"controls\"><source type=\"video\/mp4\" src=\"https:\/\/redebeneditina.org.br\/rdp\/wp-content\/uploads\/2020\/01\/residencial.mp4?_=1\" \/><a href=\"https:\/\/redebeneditina.org.br\/rdp\/wp-content\/uploads\/2020\/01\/residencial.mp4\">https:\/\/redebeneditina.org.br\/rdp\/wp-content\/uploads\/2020\/01\/residencial.mp4<\/a><\/video><\/div>[\/vc_column_text][\/vc_column][\/vc_row]<\/p>\n<\/div>","protected":false},"excerpt":{"rendered":"<p>[vc_row][vc_column][vc_empty_space height=&#8221;20px&#8221;][vc_row_inner equal_height=&#8221;yes&#8221; gap=&#8221;15&#8243;][vc_column_inner width=&#8221;1\/2&#8243;][vc_single_image image=&#8221;1667&#8243; img_size=&#8221;full&#8221; css_animation=&#8221;fadeInLeft&#8221;][\/vc_column_inner][vc_column_inner width=&#8221;1\/2&#8243;][vc_column_text css_animation=&#8221;fadeInRight&#8221;]O RESIDENCIAL DIVINA PROVID\u00caNCIA \u00e9 uma institui\u00e7\u00e3o preparada para acolher idosos [&hellip;]<\/p>\n","protected":false},"author":2,"featured_media":0,"parent":0,"menu_order":0,"comment_status":"closed","ping_status":"closed","template":"","meta":{"rs_blank_template":"","rs_page_bg_color":"","slide_template_v7":"","_monsterinsights_skip_tracking":false,"_monsterinsights_sitenote_active":false,"_monsterinsights_sitenote_note":"","_monsterinsights_sitenote_category":0,"ngg_post_thumbnail":0,"footnotes":""},"class_list":["post-1696","page","type-page","status-publish","hentry"],"_links":{"self":[{"href":"https:\/\/redebeneditina.org.br\/rdp\/wp-json\/wp\/v2\/pages\/1696","targetHints":{"allow":["GET"]}}],"collection":[{"href":"https:\/\/redebeneditina.org.br\/rdp\/wp-json\/wp\/v2\/pages"}],"about":[{"href":"https:\/\/redebeneditina.org.br\/rdp\/wp-json\/wp\/v2\/types\/page"}],"author":[{"embeddable":true,"href":"https:\/\/redebeneditina.org.br\/rdp\/wp-json\/wp\/v2\/users\/2"}],"replies":[{"embeddable":true,"href":"https:\/\/redebeneditina.org.br\/rdp\/wp-json\/wp\/v2\/comments?post=1696"}],"version-history":[{"count":0,"href":"https:\/\/redebeneditina.org.br\/rdp\/wp-json\/wp\/v2\/pages\/1696\/revisions"}],"wp:attachment":[{"href":"https:\/\/redebeneditina.org.br\/rdp\/wp-json\/wp\/v2\/media?parent=1696"}],"curies":[{"name":"wp","href":"https:\/\/api.w.org\/{rel}","templated":true}]}}