{"id":1836,"date":"2020-08-21T12:33:18","date_gmt":"2020-08-21T12:33:18","guid":{"rendered":"https:\/\/redebeneditina.org.br\/rdp\/?page_id=1836"},"modified":"2025-09-17T17:08:02","modified_gmt":"2025-09-17T20:08:02","slug":"congregacao","status":"publish","type":"page","link":"https:\/\/redebeneditina.org.br\/rdp\/congregacao\/","title":{"rendered":"Congrega\u00e7\u00e3o"},"content":{"rendered":"<div class=\"wpb-content-wrapper\"><p>[vc_row gap=&#8221;20&#8243; equal_height=&#8221;yes&#8221; content_placement=&#8221;middle&#8221; css=&#8221;.vc_custom_1597924812370{padding-top: 40px !important;padding-bottom: 90px !important;}&#8221;][vc_column]<div id='ins-heading-69e8ef90150b9' class='section-heading ins-heading text-left disable    ins-animated fadeIn' data-animation-delay=200 style='margin-top:0; margin-bottom:30px'><h6 class='section-heading-subtitle margin-0px-bottom  letter-spacing-2 default'>Fundadoras Maria e Giustina Schiapparoli<\/h6><h3 class='section-heading-title margin-10px-top  default select'>Congrega\u00e7\u00e3o Irm\u00e3s Beneditinas da Divina Provid\u00eancia<\/h3><\/div><script type=\"text\/javascript\">\n\t\t(function(jQuery) {jQuery(\"head\").append(\"<style>#ins-heading-69e8ef90150b9 .section-heading-subtitle {color: #2cabe2;}<\/style>\")\n\t\t\t\t\t})(jQuery);\n\t\t\t\t\t\t<\/script>[vc_column_text css_animation=&#8221;fadeIn&#8221;]<img loading=\"lazy\" decoding=\"async\" class=\"aligncenter wp-image-1838 size-full\" src=\"https:\/\/redebeneditina.org.br\/rdp\/wp-content\/uploads\/2020\/08\/fundadoras.jpg\" alt=\"\" width=\"1022\" height=\"768\" srcset=\"https:\/\/redebeneditina.org.br\/rdp\/wp-content\/uploads\/2020\/08\/fundadoras.jpg 1022w, https:\/\/redebeneditina.org.br\/rdp\/wp-content\/uploads\/2020\/08\/fundadoras-300x225.jpg 300w, https:\/\/redebeneditina.org.br\/rdp\/wp-content\/uploads\/2020\/08\/fundadoras-768x577.jpg 768w\" sizes=\"auto, (max-width: 1022px) 100vw, 1022px\" \/><\/p>\n<p>A Irm\u00e3 Maria e Irm\u00e3 Giustina Schiapparoli nasceram em Castel San Giovanni, Prov\u00edncia de Piacenza &#8211; It\u00e1lia. Eram filhas de Clemente Schiapparoli e de Marianna Vittoria P\u00e1ssera.<\/p>\n<p>Seus pais eram de fam\u00edlia de classe m\u00e9dia e procuraram dar-lhes adequada educa\u00e7\u00e3o humana e crist\u00e3.<\/p>\n<p>Com o falecimento da m\u00e3e Marianna, em 1824, o pai Clemente matriculou-as no internato da escola fundada por Madre Benedetta Cambiagio Frassinello, na cidade de Pavia, onde elas obtiveram o diploma de professora.<\/p>\n<p>Formadas, exerceram o magist\u00e9rio em Pavia e em Ronco Scrivia.<\/p>\n<p>Em 1847, Maria e Giustina foram para Voghera, para onde se mudaram, a fim de cuidarem de sua irm\u00e3 que havia ficado cega e do pai que ficara vi\u00favo pela segunda vez.<\/p>\n<p>Voghera era uma pequena cidade agr\u00edcola e nela reinavam o analfabetismo, a ignor\u00e2ncia, a mis\u00e9ria, a imoralidade, conseq\u00fc\u00eancias de uma grande crise econ\u00f4mica, causada pela guerra.<\/p>\n<p>As jovens da classe pobre viviam pedindo esmolas, abandonadas a si mesmas e desamparadas pela pr\u00f3pria fam\u00edlia.<\/p>\n<p>Al\u00e9m disso, muitas epidemias e pestes haviam feito centenas de crian\u00e7as \u00f3rf\u00e3s.<\/p>\n<p>Foi ent\u00e3o que Deus suscitou no cora\u00e7\u00e3o das irm\u00e3s Maria e Giustina Schiapparoli o grande ideal de fazer algo para amenizar tanta mis\u00e9ria e tanta dor.<\/p>\n<p>Decidiram, ent\u00e3o, dedicar-se totalmente a Deus no acolher, no assistir e no educar essas meninas \u00f3rf\u00e3s abandonadas, desamparadas, marginalizadas ou rejeitadas pelos pais.<\/p>\n<p>Em 1849, elas fundaram a Congrega\u00e7\u00e3o das Irm\u00e3s Beneditinas da Divina Provid\u00eancia.<\/p>\n<p>Abertas ao Esp\u00edrito do Senhor, deixando-se conduzir pela Divina Provid\u00eancia, elas procuraram desenvolver uma obra que atendesse as necessidades urgentes do local e da \u00e9poca, com esp\u00edrito de humildade e simplicidade de vida.<\/p>\n<p>A hist\u00f3ria de Maria e Giustina Schiapparoli \u00e9 muito simples: na doa\u00e7\u00e3o e no sacrif\u00edcio dessas duas irm\u00e3s nasceu, apoiado na confian\u00e7a na Divina Provid\u00eancia, o Instituto das Irm\u00e3s Beneditinas da Divina Provid\u00eancia.<\/p>\n<p>&nbsp;<\/p>\n<blockquote>\n<p>V<img loading=\"lazy\" decoding=\"async\" class=\"size-full wp-image-1869 alignleft\" src=\"https:\/\/redebeneditina.org.br\/rdp\/wp-content\/uploads\/2020\/08\/logo_ibdp.jpg\" alt=\"\" width=\"223\" height=\"223\" srcset=\"https:\/\/redebeneditina.org.br\/rdp\/wp-content\/uploads\/2020\/08\/logo_ibdp.jpg 223w, https:\/\/redebeneditina.org.br\/rdp\/wp-content\/uploads\/2020\/08\/logo_ibdp-150x150.jpg 150w\" sizes=\"auto, (max-width: 223px) 100vw, 223px\" \/>isite o site da&nbsp;<a href=\"http:\/\/beneditinasdp.org.br\/\">Congrega\u00e7\u00e3o das Irm\u00e3s Beneditinas da Divina Provid\u00eancia.<\/a><\/p>\n<\/blockquote>\n<p>[\/vc_column_text]<div id='ins-button-69e8ef90150f4' class='ins-button-wrapper text-center 40 40  ins-animated fadeInUp' data-animation-delay=200><a class='ins-button title-font letter-spacing-1 text-white pc-border pc-bg btn-radius-default font-weight-700 btn-medium text-uppercase ' href='https:\/\/redebeneditina.org.br\/rdp\/contato\/'  target='_self'><span>Entre em Contato<\/span><\/a><\/div><script type=\"text\/javascript\">\n\t\t(function(jQuery) {jQuery(\"head\").append(\"<style>#ins-button-69e8ef90150f4 .ins-button {color: #fcfcfc;}#ins-button-69e8ef90150f4 .ins-button:hover {color: #fcfcfc;}#ins-button-69e8ef90150f4 .ins-button {background-color: #bb2026;}#ins-button-69e8ef90150f4 .ins-button:hover {background-color: #242b5a;}#ins-button-69e8ef90150f4 .ins-button {border-color: #bb2026;}#ins-button-69e8ef90150f4 .ins-button:hover {border-color: #242b5a;}#ins-button-69e8ef90150f4.ins-button-wrapper {margin-top: 40;}#ins-button-69e8ef90150f4.ins-button-wrapper {margin-bottom: 40;}<\/style>\")\n\t\t\t\t\t})(jQuery);\n\t\t\t\t\t\t<\/script>[\/vc_column][\/vc_row][vc_row full_width=&#8221;stretch_row&#8221; bg_overlay=&#8221;dark70&#8243; css=&#8221;.vc_custom_1579906051487{background: #0b2154 url(https:\/\/redebeneditina.org.br\/rdp\/wp-content\/uploads\/2020\/01\/idosa.jpg?id=1776) !important;background-position: center !important;background-repeat: no-repeat !important;background-size: cover !important;}&#8221;][vc_column css=&#8221;.vc_custom_1536752096817{padding-top: 90px !important;padding-bottom: 90px !important;}&#8221;][vc_row_inner][vc_column_inner width=&#8221;1\/6&#8243;][\/vc_column_inner][vc_column_inner width=&#8221;2\/3&#8243; css=&#8221;.vc_custom_1536752046398{padding-top: 0px !important;}&#8221;]<div id='ins-heading-69e8ef9015115' class='section-heading ins-heading text-center default    '  style='margin-top:0; margin-bottom:25px'><h6 class='section-heading-subtitle margin-0px-bottom  letter-spacing-2 default'>Por que nos escolher?<\/h6><h2 class='section-heading-title margin-10px-top  default select'>Hospedagem de Idosos<\/h2><\/div><script type=\"text\/javascript\">\n\t\t(function(jQuery) {jQuery(\"head\").append(\"<style>#ins-heading-69e8ef9015115 h2 {color: #ffffff;}#ins-heading-69e8ef9015115 .section-heading-subtitle {color: #2cabe2;}<\/style>\")\n\t\t\t\t\t})(jQuery);\n\t\t\t\t\t\t<\/script>[vc_custom_heading text=&#8221;Estruturado em uma ampla \u00e1rea verde, a Residencial Divina Provid\u00eancia conta com profissionais qualificados e servi\u00e7os pr\u00f3prios para melhor acolher os idosos.&#8221; font_container=&#8221;tag:p|font_size:16px|text_align:center|color:rgba(255%2C255%2C255%2C0.85)|line_height:28px&#8221; use_theme_fonts=&#8221;yes&#8221; css_animation=&#8221;fadeIn&#8221; css=&#8221;.vc_custom_1579905764871{margin-bottom: 30px !important;}&#8221;][vc_empty_space height=&#8221;45px&#8221;][\/vc_column_inner][vc_column_inner width=&#8221;1\/6&#8243;][\/vc_column_inner][\/vc_row_inner][vc_row_inner][vc_column_inner width=&#8221;1\/3&#8243;]<div id=\"counter-69e8ef9015138\" class=\"ins-counter-element text-center   counter-with-icon default   ins-animated fadeInUp\" data-animation-delay=200 data-perc=\"28\"><div class=\"ins-counter-icon margin-15px-bottom\"><i class=\"iconsmind-Clock\"><\/i><\/div><div class=\"ins-counter-content\"><div class=\"ins-counter ins-counter-number title-font margin-10px-bottom font-weight-600\">28<\/div><div class=\"ins-counter-title margin-10px-bottom title-font  font-weight-500 letter-spacing-1\">Anos de Experi\u00eancia<\/div><\/div><\/div><script type=\"text\/javascript\">\n\t\t(function(jQuery) {jQuery(\"head\").append(\"<style>#counter-69e8ef9015138 .ins-counter-number{font-size: 60px; line-height: 65px;}#counter-69e8ef9015138 .ins-counter-title{font-size: 20px; line-height: 25px;}#counter-69e8ef9015138 .ins-counter-icon{font-size: 60px; line-height: 65px;}#counter-69e8ef9015138 .ins-counter-number{color: #ffffff;}#counter-69e8ef9015138 .ins-counter-title{color: rgba(255,255,255,0.62);}#counter-69e8ef9015138 .ins-counter-icon{color: #2cabe2; }<\/style>\")\n\t\t\t\t\t})(jQuery);\n\t\t\t\t\t\t<\/script>[\/vc_column_inner][vc_column_inner width=&#8221;1\/3&#8243;]<div id=\"counter-69e8ef9015159\" class=\"ins-counter-element text-center   counter-with-icon default   ins-animated fadeInUp\" data-animation-delay=400 data-perc=\"72\"><div class=\"ins-counter-icon margin-15px-bottom\"><i class=\"iconsmind-Warehouse\"><\/i><\/div><div class=\"ins-counter-content\"><div class=\"ins-counter ins-counter-number title-font margin-10px-bottom font-weight-600\">72<\/div><div class=\"ins-counter-title margin-10px-bottom title-font  font-weight-500 letter-spacing-1\">Acomoda\u00e7\u00f5es<\/div><\/div><\/div><script type=\"text\/javascript\">\n\t\t(function(jQuery) {jQuery(\"head\").append(\"<style>#counter-69e8ef9015159 .ins-counter-number{font-size: 60px; line-height: 65px;}#counter-69e8ef9015159 .ins-counter-title{font-size: 20px; line-height: 25px;}#counter-69e8ef9015159 .ins-counter-icon{font-size: 60px; line-height: 65px;}#counter-69e8ef9015159 .ins-counter-number{color: #ffffff;}#counter-69e8ef9015159 .ins-counter-title{color: rgba(255,255,255,0.62);}#counter-69e8ef9015159 .ins-counter-icon{color: #2cabe2; }<\/style>\")\n\t\t\t\t\t})(jQuery);\n\t\t\t\t\t\t<\/script>[\/vc_column_inner][vc_column_inner width=&#8221;1\/3&#8243;]<div id=\"counter-69e8ef9015173\" class=\"ins-counter-element text-center   counter-with-icon default   ins-animated fadeInUp\" data-animation-delay=600 data-perc=\"257\"><div class=\"ins-counter-icon margin-15px-bottom\"><i class=\"iconsmind-People-onCloud\"><\/i><\/div><div class=\"ins-counter-content\"><div class=\"ins-counter ins-counter-number title-font margin-10px-bottom font-weight-600\">257<\/div><div class=\"ins-counter-title margin-10px-bottom title-font  font-weight-500 letter-spacing-1\">Clientes que passaram por n\u00f3s<\/div><\/div><\/div><script type=\"text\/javascript\">\n\t\t(function(jQuery) {jQuery(\"head\").append(\"<style>#counter-69e8ef9015173 .ins-counter-number{font-size: 60px; line-height: 65px;}#counter-69e8ef9015173 .ins-counter-title{font-size: 20px; line-height: 25px;}#counter-69e8ef9015173 .ins-counter-icon{font-size: 60px; line-height: 65px;}#counter-69e8ef9015173 .ins-counter-number{color: #ffffff;}#counter-69e8ef9015173 .ins-counter-title{color: rgba(255,255,255,0.62);}#counter-69e8ef9015173 .ins-counter-icon{color: #2cabe2; }<\/style>\")\n\t\t\t\t\t})(jQuery);\n\t\t\t\t\t\t<\/script>[\/vc_column_inner][\/vc_row_inner][\/vc_column][\/vc_row][vc_row gap=&#8221;35&#8243; css=&#8221;.vc_custom_1548056571517{padding-top: 60px !important;padding-bottom: 100px !important;}&#8221;][vc_column width=&#8221;1\/2&#8243;][vc_row_inner equal_height=&#8221;yes&#8221; content_placement=&#8221;middle&#8221; css=&#8221;.vc_custom_1536753771505{border-top-width: 1px !important;border-right-width: 1px !important;border-bottom-width: 1px !important;border-left-width: 1px !important;padding-top: 0px !important;padding-right: 0px !important;padding-bottom: 0px !important;padding-left: 0px !important;border-left-color: #e4e4e4 !important;border-left-style: solid !important;border-right-color: #e4e4e4 !important;border-right-style: solid !important;border-top-color: #e4e4e4 !important;border-top-style: solid !important;border-bottom-color: #e4e4e4 !important;border-bottom-style: solid !important;}&#8221;][vc_column_inner width=&#8221;1\/2&#8243; css=&#8221;.vc_custom_1758139678803{padding-top: 0px !important;padding-right: 0px !important;padding-bottom: 0px !important;padding-left: 0px !important;background-image: url(https:\/\/redebeneditina.org.br\/rdp\/wp-content\/uploads\/2018\/09\/Disability-Support.jpg?id=38) !important;background-position: center !important;background-repeat: no-repeat !important;background-size: cover !important;}&#8221;][vc_empty_space height=&#8221;100px&#8221;][\/vc_column_inner][vc_column_inner width=&#8221;1\/2&#8243; css=&#8221;.vc_custom_1536753778120{padding-top: 30px !important;padding-right: 40px !important;padding-bottom: 30px !important;padding-left: 40px !important;}&#8221;][vc_column_text]<\/p>\n<h5 class=\"margin-20px-bottom\">Nossos Servi\u00e7os<\/h5>\n<p>Conhe\u00e7a nossos servi\u00e7os e escolha qual a op\u00e7\u00e3o que mais vai de encontro a sua necessidade.[\/vc_column_text]<div id='ins-button-69e8ef9015192' class='ins-button-wrapper text-left 40 40  ins-animated zoomIn' data-animation-delay=200><a class='ins-button title-font letter-spacing-1 text-white pc-border pc-bg btn-radius-default font-weight-700 btn-small text-uppercase ' href='https:\/\/redebeneditina.org.br\/rdp\/servicos\/'  target='_self'><span>Saiba mais<\/span><\/a><\/div><script type=\"text\/javascript\">\n\t\t(function(jQuery) {jQuery(\"head\").append(\"<style>#ins-button-69e8ef9015192 .ins-button {color: #fcfcfc;}#ins-button-69e8ef9015192 .ins-button:hover {color: #fcfcfc;}#ins-button-69e8ef9015192 .ins-button {background-color: #bb2026;}#ins-button-69e8ef9015192 .ins-button:hover {background-color: #242b5a;}#ins-button-69e8ef9015192 .ins-button {border-color: #bb2026;}#ins-button-69e8ef9015192 .ins-button:hover {border-color: #242b5a;}#ins-button-69e8ef9015192.ins-button-wrapper {margin-top: 40;}#ins-button-69e8ef9015192.ins-button-wrapper {margin-bottom: 40;}<\/style>\")\n\t\t\t\t\t})(jQuery);\n\t\t\t\t\t\t<\/script>[\/vc_column_inner][\/vc_row_inner][\/vc_column][vc_column width=&#8221;1\/2&#8243;][vc_row_inner equal_height=&#8221;yes&#8221; content_placement=&#8221;middle&#8221; css=&#8221;.vc_custom_1536753771505{border-top-width: 1px !important;border-right-width: 1px !important;border-bottom-width: 1px !important;border-left-width: 1px !important;padding-top: 0px !important;padding-right: 0px !important;padding-bottom: 0px !important;padding-left: 0px !important;border-left-color: #e4e4e4 !important;border-left-style: solid !important;border-right-color: #e4e4e4 !important;border-right-style: solid !important;border-top-color: #e4e4e4 !important;border-top-style: solid !important;border-bottom-color: #e4e4e4 !important;border-bottom-style: solid !important;}&#8221;][vc_column_inner width=&#8221;1\/2&#8243; css=&#8221;.vc_custom_1579907012816{padding-top: 0px !important;padding-right: 0px !important;padding-bottom: 0px !important;padding-left: 0px !important;background-image: url(https:\/\/redebeneditina.org.br\/rdp\/wp-content\/uploads\/2020\/01\/instalacao.jpg?id=1780) !important;background-position: center !important;background-repeat: no-repeat !important;background-size: cover !important;}&#8221;][vc_empty_space height=&#8221;100px&#8221;][\/vc_column_inner][vc_column_inner width=&#8221;1\/2&#8243; css=&#8221;.vc_custom_1536753778120{padding-top: 30px !important;padding-right: 40px !important;padding-bottom: 30px !important;padding-left: 40px !important;}&#8221;][vc_column_text]<\/p>\n<h5 class=\"margin-20px-bottom\">Nossas Instala\u00e7\u00f5es<\/h5>\n<p>Conhe\u00e7a nosso espa\u00e7o f\u00edsico que prop\u00edcia um ambiente harmonioso, familiar e aconchegante.[\/vc_column_text]<div id='ins-button-69e8ef90151ab' class='ins-button-wrapper text-left 40 40  ins-animated zoomIn' data-animation-delay=200><a class='ins-button title-font letter-spacing-1 text-white pc-border pc-bg btn-radius-default font-weight-700 btn-small text-uppercase ' href='https:\/\/redebeneditina.org.br\/rdp\/instalacoes\/'  target='_self'><span>Saiba mais<\/span><\/a><\/div><script type=\"text\/javascript\">\n\t\t(function(jQuery) {jQuery(\"head\").append(\"<style>#ins-button-69e8ef90151ab .ins-button {color: #fcfcfc;}#ins-button-69e8ef90151ab .ins-button:hover {color: #fcfcfc;}#ins-button-69e8ef90151ab .ins-button {background-color: #bb2026;}#ins-button-69e8ef90151ab .ins-button:hover {background-color: #242b5a;}#ins-button-69e8ef90151ab .ins-button {border-color: #bb2026;}#ins-button-69e8ef90151ab .ins-button:hover {border-color: #242b5a;}#ins-button-69e8ef90151ab.ins-button-wrapper {margin-top: 40;}#ins-button-69e8ef90151ab.ins-button-wrapper {margin-bottom: 40;}<\/style>\")\n\t\t\t\t\t})(jQuery);\n\t\t\t\t\t\t<\/script>[\/vc_column_inner][\/vc_row_inner][\/vc_column][\/vc_row][vc_row full_width=&#8221;stretch_row&#8221; css=&#8221;.vc_custom_1536568150826{background: #f7f7f7 url(http:\/\/ituza.insigniawpthemes.co.in\/iz-elder-care\/wp-content\/uploads\/sites\/9\/2018\/09\/car-service-6.png?id=151) !important;background-position: center !important;background-repeat: no-repeat !important;background-size: cover !important;}&#8221;][vc_column][vc_empty_space height=&#8221;50px&#8221;][vc_row_inner][vc_column_inner width=&#8221;1\/6&#8243;][\/vc_column_inner][vc_column_inner width=&#8221;2\/3&#8243;]<div id='ins-heading-69e8ef90151bd' class='section-heading ins-heading text-center default    ins-animated fadeIn' data-animation-delay=200 style='margin-top:0; margin-bottom:20px'><h3 class='section-heading-title margin-10px-top  default select'>Depoimentos<\/h3><\/div><script type=\"text\/javascript\">\n\t\t(function(jQuery) {\n\t\t\t\t\t})(jQuery);\n\t\t\t\t\t\t<\/script>[vc_custom_heading text=&#8221;Testemunho &#8211; melhor maneira de se conhecer a verdade.&#8221; font_container=&#8221;tag:p|font_size:16px|text_align:center|color:%23bb2026|line_height:28px&#8221; use_theme_fonts=&#8221;yes&#8221; css_animation=&#8221;fadeIn&#8221; css=&#8221;.vc_custom_1579965448936{margin-bottom: 50px !important;}&#8221; link=&#8221;url:https%3A%2F%2Fredebeneditina.org.br%2Frdp%2Ftestimonial_post%2Fjose_familia%2F|||&#8221;][\/vc_column_inner][vc_column_inner width=&#8221;1\/6&#8243;][\/vc_column_inner][\/vc_row_inner]<div id=\"ins-testimonial-69e8ef90151ce\" class=\"insignia-testimonial-wrapper insignia-testimonial-style-3 clearfix \"><div class=\"insignia-testimonial-inner insignia-testimonial-carousel black-navigation-arrow text-left \">\t\t<div class=\"insignia-testimonial-content-wrapper\">\n\t\t<div class=\"insignia-testimonial-inner insignia-testimonial-bg-inner\">\n\t\t<div class=\"padding-35px-all insignia-testimonial-style-3-content position-relative margin-50px-bottom\" style= \"background-color:#2cabe2\">\n\t\t\t<div style= 'color: #ffffff' class=\"insignia-testimonial-text \">Que Nosso Senhor Jesus Cristo seja com todos v\u00f3s hoje e sempre. Am\u00e9m.\r\n\r\n<strong> Elizena Rodrigues de Jesus<\/strong><\/div>\n\t\t<\/div>\n\t\t\n\t\t<div class=\"insignia-testimonial-meta-wrapper clearfix\"> \n\t\t\t\t\t<div class=\"insignia-testimonial-meta\"> \n\t\t\t\t\t\t<div class=\"insignia-testimonial-title margin-0px-bottom title-font font-weight-500 text-medium text-extra-dark-gray line-height-16\" style= 'color: #0b2154'>Elizena Rodrigues de Jesus<\/div> \t\t\t\t\t\t\t<\/div>\n\t\t<\/div>\n\t<\/div>\n\t<\/div>\n\t\t\t<div class=\"insignia-testimonial-content-wrapper\">\n\t\t<div class=\"insignia-testimonial-inner insignia-testimonial-bg-inner\">\n\t\t<div class=\"padding-35px-all insignia-testimonial-style-3-content position-relative margin-50px-bottom\" style= \"background-color:#2cabe2\">\n\t\t\t<div style= 'color: #ffffff' class=\"insignia-testimonial-text \">Ficou muito lindo. \u00d3timo. Parab\u00e9ns. Congratulations.\r\n\r\n<strong>Alice<\/strong><\/div>\n\t\t<\/div>\n\t\t\n\t\t<div class=\"insignia-testimonial-meta-wrapper clearfix\"> \n\t\t\t\t\t<div class=\"insignia-testimonial-meta\"> \n\t\t\t\t\t\t<div class=\"insignia-testimonial-title margin-0px-bottom title-font font-weight-500 text-medium text-extra-dark-gray line-height-16\" style= 'color: #0b2154'>Alice<\/div> \t\t\t\t\t\t\t\t<span style= 'color: #6f6f6f' class=\"insignia-testimonial-position text-uppercase text-small\">Cliente<\/span>\n\t\t\t\t\t\t\t<\/div>\n\t\t<\/div>\n\t<\/div>\n\t<\/div>\n\t\t\t<div class=\"insignia-testimonial-content-wrapper\">\n\t\t<div class=\"insignia-testimonial-inner insignia-testimonial-bg-inner\">\n\t\t<div class=\"padding-35px-all insignia-testimonial-style-3-content position-relative margin-50px-bottom\" style= \"background-color:#2cabe2\">\n\t\t\t<div style= 'color: #ffffff' class=\"insignia-testimonial-text \">Conheci a Residencial Divina Provid\u00eancia por indica\u00e7\u00e3o de conhecidos. Minha m\u00e3e j\u00e1 n\u00e3o mais tinha condi\u00e7\u00f5es de viver em casa com meu pai, mesmo que ainda que tiv\u00e9ssemos enfermeiras revesando-se em 3 turnos.\r\n\r\n <a href=\"https:\/\/redebeneditina.org.br\/rdp\/testimonial_post\/jose_familia\/#more-74\" class=\"more-link\"><span aria-label=\"Continue lendo Depoimentos\">(mais&hellip;)<\/span><\/a><\/div>\n\t\t<\/div>\n\t\t\n\t\t<div class=\"insignia-testimonial-meta-wrapper clearfix\"> \n\t\t\t\t\t<div class=\"insignia-testimonial-meta\"> \n\t\t\t\t\t\t<div class=\"insignia-testimonial-title margin-0px-bottom title-font font-weight-500 text-medium text-extra-dark-gray line-height-16\" style= 'color: #0b2154'>Jos\u00e9 Calil Nassur e Fam\u00edlia<\/div> \t\t\t\t\t\t\t\t<span style= 'color: #6f6f6f' class=\"insignia-testimonial-position text-uppercase text-small\">Fam\u00edlia<\/span>\n\t\t\t\t\t\t\t<\/div>\n\t\t<\/div>\n\t<\/div>\n\t<\/div>\n\t\t\t<div class=\"insignia-testimonial-content-wrapper\">\n\t\t<div class=\"insignia-testimonial-inner insignia-testimonial-bg-inner\">\n\t\t<div class=\"padding-35px-all insignia-testimonial-style-3-content position-relative margin-50px-bottom\" style= \"background-color:#2cabe2\">\n\t\t\t<div style= 'color: #ffffff' class=\"insignia-testimonial-text \">Visitei, pela primeira vez, a Residencial Divina Provid\u00eancia em 2005.\u00a0\u00a0 Gostei muito de tudo o que vi.\u00a0\u00a0 Em seguida, encaminhei meu pai para ser assistido e amparado pelas irm\u00e3s beneditinas at\u00e9 o dia de sua partida e tenho plena consci\u00eancia do acerto de minha decis\u00e3o. <a href=\"https:\/\/redebeneditina.org.br\/rdp\/testimonial_post\/ernesto-angelo\/#more-73\" class=\"more-link\"><span aria-label=\"Continue lendo Jos\u00e9 Calil Nassur e Fam\u00edlia\">(mais&hellip;)<\/span><\/a><\/div>\n\t\t<\/div>\n\t\t\n\t\t<div class=\"insignia-testimonial-meta-wrapper clearfix\"> \n\t\t\t\t\t<div class=\"insignia-testimonial-meta\"> \n\t\t\t\t\t\t<div class=\"insignia-testimonial-title margin-0px-bottom title-font font-weight-500 text-medium text-extra-dark-gray line-height-16\" style= 'color: #0b2154'>Ernesto Angelo Pieroni Filho<\/div> \t\t\t\t\t\t\t\t<span style= 'color: #6f6f6f' class=\"insignia-testimonial-position text-uppercase text-small\">Fam\u00edlia<\/span>\n\t\t\t\t\t\t\t<\/div>\n\t\t<\/div>\n\t<\/div>\n\t<\/div>\n\t<\/div><\/div>\t\n\t\t\t <script type=\"text\/javascript\">\n                      \n\njQuery('#ins-testimonial-69e8ef90151ce .insignia-testimonial-carousel').slick({\n    \n    dots: false,\n    arrows: true,\n    slidesToShow: 3,\n\tswipeToSlide: true,\n    responsive: [\n    {\n      breakpoint: 800,\n      settings: {\n        slidesToShow: 1\n      }\n    }\n  ]\n\n  });\n\t\t\t\t\t\t<\/script>\n\t\t\t\t\t\t\n\t\t\t\t\t\t\n<script type=\"text\/javascript\">\n\t\t(function(jQuery) {\n\n\t\t\t\t\t jQuery(\"head\").append(\"<style>#ins-testimonial-69e8ef90151ce .insignia-testimonial-style-3-content:after {border-top-color: #2cabe2;}<\/style>\");\n\t\t\t\t\t \n\t\t\t\t\t})(jQuery);\n\t\t\t\t\t\t<\/script>\n\t\n[vc_empty_space height=&#8221;95px&#8221;][\/vc_column][\/vc_row][vc_row full_width=&#8221;stretch_row&#8221; css=&#8221;.vc_custom_1579965932949{padding-top: 40px !important;padding-bottom: 40px !important;background-color: #bb2026 !important;}&#8221;][vc_column css=&#8221;.vc_custom_1526549883804{padding-top: 0px !important;}&#8221;][vc_row_inner equal_height=&#8221;yes&#8221; content_placement=&#8221;middle&#8221;][vc_column_inner width=&#8221;3\/4&#8243;]<div id='ins-heading-69e8ef90159c6' class='section-heading ins-heading text-left default    ins-animated fadeInUp' data-animation-delay=200 style='margin-top:0; margin-bottom:0'><h3 class='section-heading-title margin-10px-top  default select'>Alguma d\u00favida? Entre em contato conosco.<\/h3><\/div><script type=\"text\/javascript\">\n\t\t(function(jQuery) {jQuery(\"head\").append(\"<style>#ins-heading-69e8ef90159c6 h3 {color: #f9f9f9;}<\/style>\")\n\t\t\t\t\t})(jQuery);\n\t\t\t\t\t\t<\/script>[\/vc_column_inner][vc_column_inner width=&#8221;1\/4&#8243;]<div id='ins-button-69e8ef90159e3' class='ins-button-wrapper text-center    ins-animated fadeInUp' data-animation-delay=400><a class='ins-button title-font letter-spacing-1 text-white pc-border pc-bg btn-radius-default font-weight-600 btn-medium text-uppercase ' href='https:\/\/redebeneditina.org.br\/rdp\/contato\/'  target='_self'><span>Fale Conosco<\/span><\/a><\/div><script type=\"text\/javascript\">\n\t\t(function(jQuery) {jQuery(\"head\").append(\"<style>#ins-button-69e8ef90159e3 .ins-button:hover {color: #2cabe2;}#ins-button-69e8ef90159e3 .ins-button {background-color: rgba(255,255,255,0.01);}#ins-button-69e8ef90159e3 .ins-button:hover {background-color: #ffffff;}#ins-button-69e8ef90159e3 .ins-button {border-color: #ffffff;}#ins-button-69e8ef90159e3 .ins-button:hover {border-color: #ffffff;}<\/style>\")\n\t\t\t\t\t})(jQuery);\n\t\t\t\t\t\t<\/script>[\/vc_column_inner][\/vc_row_inner][\/vc_column][\/vc_row]<\/p>\n<\/div>","protected":false},"excerpt":{"rendered":"<p>[vc_row gap=&#8221;20&#8243; equal_height=&#8221;yes&#8221; content_placement=&#8221;middle&#8221; css=&#8221;.vc_custom_1597924812370{padding-top: 40px !important;padding-bottom: 90px !important;}&#8221;][vc_column][vc_column_text css_animation=&#8221;fadeIn&#8221;] A Irm\u00e3 Maria e Irm\u00e3 Giustina Schiapparoli nasceram em Castel [&hellip;]<\/p>\n","protected":false},"author":2,"featured_media":0,"parent":0,"menu_order":0,"comment_status":"closed","ping_status":"closed","template":"","meta":{"rs_blank_template":"","rs_page_bg_color":"","slide_template_v7":"","_monsterinsights_skip_tracking":false,"_monsterinsights_sitenote_active":false,"_monsterinsights_sitenote_note":"","_monsterinsights_sitenote_category":0,"ngg_post_thumbnail":0,"footnotes":""},"class_list":["post-1836","page","type-page","status-publish","hentry"],"_links":{"self":[{"href":"https:\/\/redebeneditina.org.br\/rdp\/wp-json\/wp\/v2\/pages\/1836","targetHints":{"allow":["GET"]}}],"collection":[{"href":"https:\/\/redebeneditina.org.br\/rdp\/wp-json\/wp\/v2\/pages"}],"about":[{"href":"https:\/\/redebeneditina.org.br\/rdp\/wp-json\/wp\/v2\/types\/page"}],"author":[{"embeddable":true,"href":"https:\/\/redebeneditina.org.br\/rdp\/wp-json\/wp\/v2\/users\/2"}],"replies":[{"embeddable":true,"href":"https:\/\/redebeneditina.org.br\/rdp\/wp-json\/wp\/v2\/comments?post=1836"}],"version-history":[{"count":2,"href":"https:\/\/redebeneditina.org.br\/rdp\/wp-json\/wp\/v2\/pages\/1836\/revisions"}],"predecessor-version":[{"id":2290,"href":"https:\/\/redebeneditina.org.br\/rdp\/wp-json\/wp\/v2\/pages\/1836\/revisions\/2290"}],"wp:attachment":[{"href":"https:\/\/redebeneditina.org.br\/rdp\/wp-json\/wp\/v2\/media?parent=1836"}],"curies":[{"name":"wp","href":"https:\/\/api.w.org\/{rel}","templated":true}]}}